{"id":2723,"date":"2022-02-24T11:01:05","date_gmt":"2022-02-24T11:01:05","guid":{"rendered":"https:\/\/lifemysoil.eu\/?page_id=2723"},"modified":"2022-02-24T11:01:07","modified_gmt":"2022-02-24T11:01:07","slug":"politica-sui-cookie","status":"publish","type":"page","link":"https:\/\/lifemysoil.eu\/it\/politica-sui-cookie\/","title":{"rendered":"POLITICA SUI COOKIE"},"content":{"rendered":"\n<h4 class=\"wp-block-heading\"><strong>COSA SONO I COOKIE E PERCH\u00c9 LI UTILIZZIAMO NEL SITO?<\/strong><\/h4>\n\n\n\n<p>Un cookie \u00e8 un file che viene scaricato sul dispositivo dell&#8217;utente quando accede a determinati siti Web che memorizza e recupera informazioni sull&#8217;attivit\u00e0 di navigazione sul suo computer.<\/p>\n\n\n\n<p>I cookie consentono a questo sito Web, tra le altre cose, di memorizzare e recuperare informazioni sulle decisioni e abitudini dell&#8217;utente. I cookie che esistono su questo sito sono necessari per il suo funzionamento.<\/p>\n\n\n\n<p>\u00c8 importante evidenziare che l&#8217;uso dei cookie non consente l&#8217;accesso ai dati personali dell&#8217;utente.<\/p>\n\n\n\n<h4 class=\"wp-block-heading\"><strong>CHE TIPO DI COOKIE ESISTONO?<\/strong><\/h4>\n\n\n\n<p>A seconda del tempo in cui rimangono attivi, i Cookie possono essere suddivisi in cookie di sessione o persistenti.<\/p>\n\n\n\n<ul class=\"wp-block-list\"><li><strong>I cookie di sessione<\/strong>&nbsp;sono progettati per raccogliere e archiviare dati mentre l&#8217;utente accede a un sito Web e vengono rimossi non appena l&#8217;esploratore viene chiuso. Sono normalmente utilizzati per memorizzare informazioni che devono essere conservate solo al fine di fornire il servizio richiesto dall&#8217;utente in una sola occasione.<\/li><li><strong>I cookie persistenti<\/strong>&nbsp;rimangono memorizzati sul dispositivo e possono essere consultati e gestiti per un periodo specificato dall&#8217;utente del cookie, che pu\u00f2 variare da pochi minuti a diversi anni.<\/li><\/ul>\n\n\n\n<p>Inoltre, a seconda dell&#8217;organizzazione che li gestisce, i cookie possono essere classificati come cookie di prima parte o di terze parti.<\/p>\n\n\n\n<ul class=\"wp-block-list\"><li><strong>Cookie di prima parte<\/strong>&nbsp;sono inviati al dispositivo dell&#8217;utente da un computer o dominio gestito dall&#8217;editore del sito web e sono utilizzati per fornire il servizio richiesto dall&#8217;utente.<\/li><li><strong>cookie di terze parti<\/strong>&nbsp;vengono inviati al dispositivo dell&#8217;utente da un computer o dominio non gestito dall&#8217;editore del sito web, ma da un&#8217;altra organizzazione che gestisce i dati ottenuti dai cookie. Inoltre, a seconda dell&#8217;organizzazione che li gestisce, i cookie possono essere classificati come cookie di prima parte o di terze parti.<\/li><\/ul>\n\n\n\n<p>In termini di finalit\u00e0, le tipologie di cookie sono:<\/p>\n\n\n\n<ul class=\"wp-block-list\"><li><strong>Biscotti tecnici<\/strong>: I cookie tecnici consentono all&#8217;utente di navigare in un sito web, piattaforma o applicazione e utilizzare le diverse opzioni di servizio ivi presenti.<\/li><li><strong>Cookie di profilazione<\/strong>: I cookie di profilazione consentono all&#8217;utente di accedere al servizio con alcune caratteristiche generali predefinite in base ad una serie di criteri sul dispositivo dell&#8217;utente quali lingua, impostazioni, ecc.<\/li><li><strong>Biscotti analitici<\/strong>: I cookie analitici consentono al proprietario del sito Web di tracciare e analizzare il comportamento degli utenti sui siti Web a cui sono collegati. Le informazioni raccolte vengono utilizzate per misurare l&#8217;attivit\u00e0 sui siti Web e per creare profili di navigazione degli utenti, con l&#8217;obiettivo di introdurre miglioramenti.<\/li><li><strong>Cookie pubblicitari<\/strong>: I cookie pubblicitari consentono di gestire nel modo pi\u00f9 efficiente possibile gli spazi pubblicitari che l&#8217;editore inserisce nel sito web.<\/li><\/ul>\n\n\n\n<h4 class=\"wp-block-heading\">\u00a0<strong>CHE TIPO DI COOKIE UTILIZZA IL SITO?<\/strong><\/h4>\n\n\n\n<p>L&#8217;utente pu\u00f2 consultare e impostare i cookie del sito gestiti dall&#8217;editore del sito all&#8217;indirizzo\u00a0<a id=\"wt-cli-settings-btn\" tabindex=\"0\" role='button' style=\"border-bottom:1px solid; text-decoration:none;\" class=\"wt-cli-element medium cli-plugin-button cli-plugin-main-button cli_settings_button\" >Impostazioni dei cookie<\/a>.<\/p>\n\n\n\n<p>L&#8217;utente deve tenere presente che, sebbene i cookie possano essere impostati, alcuni cookie sono necessari e devono essere installati per garantire il corretto accesso e utilizzo del sito Web, questi cookie non richiedono l&#8217;autorizzazione dell&#8217;utente n\u00e9 la sua gestione.<\/p>\n\n\n\n<table class=\"wt-cli-element cookielawinfo-row-cat-table cookielawinfo-classic\"><thead><tr><th scope=\"col\" class=\"cookielawinfo-column-1\">Cookie<\/th><th scope=\"col\" class=\"cookielawinfo-column-2\">Tipo<\/th><th scope=\"col\" class=\"cookielawinfo-column-3\">Durata<\/th><th scope=\"col\" class=\"cookielawinfo-column-4\">Descrizione<\/th><\/tr><\/thead><tbody><tr class=\"cookielawinfo-row\"><td class=\"cookielawinfo-column-1\">__wpdm_client<\/td><td class=\"cookielawinfo-column-2\"><\/td><td class=\"cookielawinfo-column-3\"><\/td><td class=\"cookielawinfo-column-4\">Cookie tecnico che sincronizza il sito web con il CMS (sistema di gestione dei contenuti). Viene utilizzato per aggiornare il sito web.<\/td><\/tr><tr class=\"cookielawinfo-row\"><td class=\"cookielawinfo-column-1\">_ga<\/td><td class=\"cookielawinfo-column-2\"><\/td><td class=\"cookielawinfo-column-3\">2 anni<\/td><td class=\"cookielawinfo-column-4\">Il cookie _ga, installato da Google Analytics, calcola i dati dei visitatori, delle sessioni e delle campagne e tiene anche traccia dell'utilizzo del sito per il rapporto analitico del sito. Il cookie memorizza le informazioni in modo anonimo e assegna un numero generato casualmente per riconoscere i visitatori unici.<\/td><\/tr><tr class=\"cookielawinfo-row\"><td class=\"cookielawinfo-column-1\">_gat_gtag_UA_65990622_49<\/td><td class=\"cookielawinfo-column-2\"><\/td><td class=\"cookielawinfo-column-3\">1 minuto<\/td><td class=\"cookielawinfo-column-4\">Impostato da Google per distinguere gli utenti.<\/td><\/tr><tr class=\"cookielawinfo-row\"><td class=\"cookielawinfo-column-1\">_gid<\/td><td class=\"cookielawinfo-column-2\"><\/td><td class=\"cookielawinfo-column-3\">1 giorno<\/td><td class=\"cookielawinfo-column-4\">Installato da Google Analytics, il cookie _gid memorizza informazioni su come i visitatori utilizzano un sito web, creando anche un rapporto analitico delle prestazioni del sito. Alcuni dei dati che vengono raccolti includono il numero di visitatori, la loro fonte e le pagine che visitano in modo anonimo.<\/td><\/tr><tr class=\"cookielawinfo-row\"><td class=\"cookielawinfo-column-1\">_pk_id.19.3a1f<\/td><td class=\"cookielawinfo-column-2\"><\/td><td class=\"cookielawinfo-column-3\"><\/td><td class=\"cookielawinfo-column-4\">Questo cookie \u00e8 installato da Matomo. Il cookie \u00e8 utilizzato per calcolare i dati del visitatore, della sessione, del camapign e per tenere traccia dell'utilizzo del sito per il rapporto analitico del sito. Il cookie memorizza le informazioni in modo anonimo e assegna un numero generato randoly per identificare i visitatori unici.<\/td><\/tr><tr class=\"cookielawinfo-row\"><td class=\"cookielawinfo-column-1\">_pk_ses.19.3a1f<\/td><td class=\"cookielawinfo-column-2\"><\/td><td class=\"cookielawinfo-column-3\"><\/td><td class=\"cookielawinfo-column-4\">Questo cookie \u00e8 installato da Matomo. Il cookie \u00e8 utilizzato per calcolare i dati del visitatore, della sessione, del camapign e per tenere traccia dell'utilizzo del sito per il rapporto analitico del sito. Il cookie memorizza le informazioni in modo anonimo e assegna un numero generato randoly per identificare i visitatori unici.<\/td><\/tr><tr class=\"cookielawinfo-row\"><td class=\"cookielawinfo-column-1\">cookielawinfo-checkbox-advertisement<\/td><td class=\"cookielawinfo-column-2\"><\/td><td class=\"cookielawinfo-column-3\"><\/td><td class=\"cookielawinfo-column-4\">Impostato dal plugin GDPR Cookie Consent, questo cookie \u00e8 utilizzato per registrare il consenso dell'utente per i cookie della categoria \"Pubblicit\u00e0\".<\/td><\/tr><tr class=\"cookielawinfo-row\"><td class=\"cookielawinfo-column-1\">cookielawinfo-checkbox-analytics<\/td><td class=\"cookielawinfo-column-2\"><\/td><td class=\"cookielawinfo-column-3\">11 mesi<\/td><td class=\"cookielawinfo-column-4\">Questo cookie \u00e8 impostato dal plugin GDPR Cookie Consent. Il cookie viene utilizzato per memorizzare il consenso dell'utente per i cookie della categoria \"Analytics\".<\/td><\/tr><tr class=\"cookielawinfo-row\"><td class=\"cookielawinfo-column-1\">cookielawinfo-checkbox-functional<\/td><td class=\"cookielawinfo-column-2\"><\/td><td class=\"cookielawinfo-column-3\">11 mesi<\/td><td class=\"cookielawinfo-column-4\">Il cookie \u00e8 impostato dal consenso dei cookie GDPR per registrare il consenso dell'utente per i cookie della categoria \"Funzionale\".<\/td><\/tr><tr class=\"cookielawinfo-row\"><td class=\"cookielawinfo-column-1\">cookielawinfo-checkbox-necessary<\/td><td class=\"cookielawinfo-column-2\"><\/td><td class=\"cookielawinfo-column-3\">11 mesi<\/td><td class=\"cookielawinfo-column-4\">Questo cookie \u00e8 impostato dal plugin GDPR Cookie Consent. Il cookie viene utilizzato per memorizzare il consenso dell'utente per i cookie della categoria \"Necessario\".<\/td><\/tr><tr class=\"cookielawinfo-row\"><td class=\"cookielawinfo-column-1\">cookielawinfo-checkbox-others<\/td><td class=\"cookielawinfo-column-2\"><\/td><td class=\"cookielawinfo-column-3\">11 mesi<\/td><td class=\"cookielawinfo-column-4\">Questo cookie \u00e8 impostato dal plugin GDPR Cookie Consent. Il cookie viene utilizzato per memorizzare il consenso dell'utente per i cookie della categoria \"Altro\".<\/td><\/tr><tr class=\"cookielawinfo-row\"><td class=\"cookielawinfo-column-1\">cookielawinfo-checkbox-performance<\/td><td class=\"cookielawinfo-column-2\"><\/td><td class=\"cookielawinfo-column-3\">11 mesi<\/td><td class=\"cookielawinfo-column-4\">Questo cookie \u00e8 impostato dal plugin GDPR Cookie Consent. Il cookie viene utilizzato per memorizzare il consenso dell'utente per i cookie della categoria \"Performance\".<\/td><\/tr><tr class=\"cookielawinfo-row\"><td class=\"cookielawinfo-column-1\">cookielawinfo-checkbox-preferences<\/td><td class=\"cookielawinfo-column-2\"><\/td><td class=\"cookielawinfo-column-3\"><\/td><td class=\"cookielawinfo-column-4\">Questo cookie \u00e8 impostato dal plugin GDPR Cookie Consent per controllare se l'utente ha dato il consenso all'uso dei cookie nella categoria \"Preferenze\".<\/td><\/tr><tr class=\"cookielawinfo-row\"><td class=\"cookielawinfo-column-1\">viewed_cookie_policy<\/td><td class=\"cookielawinfo-column-2\"><\/td><td class=\"cookielawinfo-column-3\">11 mesi<\/td><td class=\"cookielawinfo-column-4\">Il cookie \u00e8 impostato dal plugin GDPR Cookie Consent e viene utilizzato per memorizzare se l'utente ha acconsentito o meno all'uso dei cookie. Non memorizza alcun dato personale.<\/td><\/tr><tr class=\"cookielawinfo-row\"><td class=\"cookielawinfo-column-1\">wp-wpml_current_language<\/td><td class=\"cookielawinfo-column-2\"><\/td><td class=\"cookielawinfo-column-3\">sessione<\/td><td class=\"cookielawinfo-column-4\">Questo cookie restituisce la lingua corrente<\/td><\/tr><\/tbody><\/table>\n\n\n\n<h4 class=\"wp-block-heading\"><strong>COME SI DISABILITANO I COOKIE IN UN BROWSER?<\/strong><\/h4>\n\n\n\n<p>L&#8217;utente pu\u00f2 modificare le impostazioni del proprio browser in modo da non accettare l&#8217;uso dei cookie, nel qual caso l&#8217;utente non avrebbe un&#8217;esperienza di navigazione personalizzata. La scelta di questa impostazione potrebbe comportare l&#8217;impossibilit\u00e0 di accedere ad alcune parti del sito Web, poich\u00e9 ci\u00f2 potrebbe causare una navigazione meno efficace.<\/p>\n\n\n\n<p>La maggior parte dei browser attualmente consente all&#8217;utente di scegliere se accettare i cookie e di quali tipi. Queste impostazioni si trovano solitamente nelle &#8220;impostazioni&#8221; o &#8220;preferenze&#8221; nel menu del browser.<\/p>\n\n\n\n<p>A seconda del browser utilizzato dall&#8217;utente e delle sue funzionalit\u00e0 utilizzate pu\u00f2 supporre l&#8217;installazione di cookie che sono considerati cookie di terze parti. Ad esempio, se l&#8217;utente sceglie il browser di Google e utilizza la sua opzione di tradurre il sito Web completo, Google installa cookie nei computer dell&#8217;utente che non sono gestiti dall&#8217;editore del sito Web. Le impostazioni dei cookie del browser devono essere effettuate dall&#8217;utente direttamente nel sito web del browser.<\/p>\n\n\n\n<p>Queste sono le istruzioni per modificare le impostazioni dei cookie nei principali browser:<\/p>\n\n\n\n<ul class=\"wp-block-list\"><li>Informazioni sui cookie per\u00a0<a href=\"https:\/\/support.mozilla.org\/en-US\/kb\/cookies-information-websites-store-on-your-computer\">Mozilla Firefox<\/a>.<\/li><li>Informazioni sui cookie per\u00a0<a href=\"https:\/\/support.microsoft.com\/en-us\/topic\/delete-and-manage-cookies-168dab11-0753-043d-7c16-ede5947fc64d\">Internet Explorer<\/a><\/li><li>Informazioni sui cookie per\u00a0<a href=\"https:\/\/help.opera.com\/en\/latest\/web-preferences\/\">Opera<\/a>.<\/li><li>Informazioni sui cookie per\u00a0<a href=\"https:\/\/support.google.com\/chrome\/answer\/95647?co=GENIE.Platform%3DDesktop&amp;hl=en\">Google Chrome.<\/a><\/li><li>Informazioni sui cookie per\u00a0<a href=\"https:\/\/support.apple.com\/es-es\/guide\/safari\/sfri11471\/mac\">Safari<\/a><\/li><\/ul>\n\n\n\n<p><strong>ULTERIORI INFORMAZIONI<\/strong><\/p>\n\n\n\n<p>Per maggiori informazioni sui cookie e su come bloccarli, visita <a href=\"http:\/\/www.allaboutcookies.org\">www.allaboutcookies.org<\/a>, o <a href=\"http:\/\/www.youronlinechoices.eu\">www.youronlinechoices.eu<\/a>. Se avete domande o commenti sui cookie utilizzati su questo sito web, si prega di scrivere a <a href=\"mailto:info@eurecat.org\">info@eurecat.org<\/a> come il gestore del sito web o fornitore di servizi di gestione del sito web.<\/p>\n","protected":false},"excerpt":{"rendered":"<p>COSA SONO I COOKIE E PERCH\u00c9 LI UTILIZZIAMO NEL SITO? Un cookie \u00e8 un file che viene scaricato sul dispositivo dell&#8217;utente quando accede a determinati siti Web che memorizza e recupera informazioni sull&#8217;attivit\u00e0 di navigazione sul suo computer. I cookie consentono a questo sito Web, tra le altre cose, di memorizzare e recuperare informazioni sulle&hellip;<\/p>\n","protected":false},"author":1,"featured_media":0,"parent":0,"menu_order":0,"comment_status":"closed","ping_status":"closed","template":"","meta":{"footnotes":""},"class_list":["post-2723","page","type-page","status-publish","hentry","description-off"],"_links":{"self":[{"href":"https:\/\/lifemysoil.eu\/it\/wp-json\/wp\/v2\/pages\/2723","targetHints":{"allow":["GET"]}}],"collection":[{"href":"https:\/\/lifemysoil.eu\/it\/wp-json\/wp\/v2\/pages"}],"about":[{"href":"https:\/\/lifemysoil.eu\/it\/wp-json\/wp\/v2\/types\/page"}],"author":[{"embeddable":true,"href":"https:\/\/lifemysoil.eu\/it\/wp-json\/wp\/v2\/users\/1"}],"replies":[{"embeddable":true,"href":"https:\/\/lifemysoil.eu\/it\/wp-json\/wp\/v2\/comments?post=2723"}],"version-history":[{"count":1,"href":"https:\/\/lifemysoil.eu\/it\/wp-json\/wp\/v2\/pages\/2723\/revisions"}],"predecessor-version":[{"id":2724,"href":"https:\/\/lifemysoil.eu\/it\/wp-json\/wp\/v2\/pages\/2723\/revisions\/2724"}],"wp:attachment":[{"href":"https:\/\/lifemysoil.eu\/it\/wp-json\/wp\/v2\/media?parent=2723"}],"curies":[{"name":"wp","href":"https:\/\/api.w.org\/{rel}","templated":true}]}}