{"id":3574,"date":"2022-09-23T07:39:13","date_gmt":"2022-09-23T07:39:13","guid":{"rendered":"https:\/\/lifemysoil.eu\/scientific-production\/"},"modified":"2024-05-24T07:36:04","modified_gmt":"2024-05-24T07:36:04","slug":"scientific-production","status":"publish","type":"page","link":"https:\/\/lifemysoil.eu\/fr\/scientific-production\/","title":{"rendered":"Scientific production"},"content":{"rendered":"<div class=\"wpb-content-wrapper\"><p>[vc_row][vc_column]<div id=\"ultimate-heading-295869f0d25d6e94d\" class=\"uvc-heading ult-adjust-bottom-margin ultimate-heading-295869f0d25d6e94d uvc-1167 accent-border-color uvc-heading-default-font-sizes\" data-hspacer=\"line_only\"  data-halign=\"left\" style=\"text-align:left\"><div class=\"uvc-main-heading ult-responsive\"  data-ultimate-target='.uvc-heading.ultimate-heading-295869f0d25d6e94d h2'  data-responsive-json-new='{\"font-size\":\"\",\"line-height\":\"\"}' ><h2 style=\"--font-weight:theme;\">SCIENTIFIC PUBLICATIONS<\/h2><\/div><div class=\"uvc-heading-spacer line_only\" style=\"margin-top:15px;margin-bottom:30px;height:4px;\"><span class=\"uvc-headings-line\" style=\"border-style:solid;border-bottom-width:4px;border-color:#ccc;width:50px;\"><\/span><\/div><\/div>[\/vc_column][\/vc_row][vc_row css=\u00a0\u00bb.vc_custom_1716536159235{margin-top: 30px !important;}\u00a0\u00bb][vc_column]<div id=\"ultimate-heading-863469f0d25d6ea44\" class=\"uvc-heading ult-adjust-bottom-margin ultimate-heading-863469f0d25d6ea44 uvc-9794 \" data-hspacer=\"no_spacer\"  data-halign=\"left\" style=\"text-align:left\"><div class=\"uvc-heading-spacer no_spacer\" style=\"top\"><\/div><div class=\"uvc-main-heading ult-responsive\"  data-ultimate-target='.uvc-heading.ultimate-heading-863469f0d25d6ea44 h3'  data-responsive-json-new='{\"font-size\":\"desktop:25px;\",\"line-height\":\"desktop:28px;\"}' ><h3 style=\"font-weight:bold;color:#008d36;margin-bottom:20px;\">Bioremediation of petroleum hydrocarbons polluted soil by spent mushroom substrates: Microbiological structure and functionality<\/h3><\/div><\/div>[vc_column_text css=\u00a0\u00bb.vc_custom_1716535853822{margin-bottom: 20px !important;}\u00a0\u00bb]<strong>Journal of Hazardous Materials (2024)<\/strong><\/p>\n<div id=\"gtx-trans\" style=\"position: absolute; left: 92px; top: 29px;\">\n<div class=\"gtx-trans-icon\"><\/div>\n<\/div>\n<p>[\/vc_column_text][vc_column_text css=\u00a0\u00bb.vc_custom_1716535936120{margin-bottom: 20px !important;}\u00a0\u00bb]<em>by Bego\u00f1a Mayans, Rafael Ant\u00f3n-Herrero, Carlos Garc\u00eda-Delgado, Laura Delgado-Moreno, Mar\u00eda Guirado, Javier P\u00e9rez-Esteban, Consuelo Escol\u00e1stico, Enrique Eymar (Universidad Aut\u00f3noma de Madrid)<\/em>[\/vc_column_text][vc_column_text css=\u00a0\u00bb.vc_custom_1716535954036{margin-bottom: 20px !important;}\u00a0\u00bb]<\/p>\n<section id=\"description\" class=\"rel-mt-2 rich-input-content\" aria-label=\"Record description\">\n<div>\n<div>\n<div>\n<p>Spent mushroom substrate (SMS) holds valuable microbiota that can be useful in remediating polluted soils with hydrocarbons. However, the microorganisms behind the bioremediation process remain uncertain. In this work, a bioremediation assay of total petroleum hydrocarbons (TPHs) polluted soil by SMS application was performed to elucidate the microorganisms and consortia involved in biodegradation by a metabarcoding analysis. Untreated polluted soil was compared to seven bioremediation treatments by adding SMS of\u00a0<em>Agaricus bisporus, Pleurotus eryngii, Pleurotus ostreatus<\/em>, and combinations. Soil microbial activity, TPH biodegradation, taxonomic classification, and predictive functional analysis were evaluated in the microbiopiles at 60 days. Different metagenomics approaches were performed to understand the impact of each SMS on native soil microbiota and TPHs biodegradation. All SMSs enhanced the degradation of aliphatic and aromatic hydrocarbons, being A.\u00a0<em>bisporus<\/em>\u00a0the most effective, promoting an efficient consortium constituted by the bacterial families\u00a0<em>Alcanivoraceae, Alcaligenaceae,<\/em>\u00a0and\u00a0<em>Dietziaceae<\/em>\u00a0along with the fungal genera\u00a0<em>Scedosporium<\/em>\u00a0and\u00a0<em>Aspergillus<\/em>. The predictive 16 S rRNA gene study partially explained the decontamination efficacy by observing changes in the taxonomic structure of bacteria and fungi, and changes in the potential profiles of estimated degradative genes across the different treatments. This work provides new insights into TPHs bioremediation.<\/p>\n<\/div>\n<\/div>\n<\/div>\n<\/section>\n<section id=\"record-files\" class=\"rel-mt-2 rel-mb-3\" aria-label=\"Files\"><\/section>\n<p>[\/vc_column_text][vc_column_text css=\u00a0\u00bb\u00a0\u00bb]<div class='w3eden'><!-- WPDM Link Template: Default Template -->\n\n<div class=\"link-template-default card mb-2\">\n    <div class=\"card-body\">\n        <div class=\"media\">\n            <div class=\"mr-3 img-48\"><img decoding=\"async\" class=\"wpdm_icon\" alt=\"Ic\u00f4ne\" src=\"https:\/\/lifemysoil.eu\/wp-content\/plugins\/download-manager\/assets\/file-type-icons\/pdf.svg\" \/><\/div>\n            <div class=\"media-body\">\n                <h3 class=\"package-title\"><a href='https:\/\/lifemysoil.eu\/fr\/download\/bioremediation-of-petroleum-hydrocarbons-polluted-soil-by-spent-mushroom-substrates-microbiological-structure-and-functionality\/'>Bioremediation of petroleum hydrocarbons polluted soil by spent mushroom substrates: Microbiological structure and functionality<\/a><\/h3>\n                <div class=\"text-muted text-small\"><i class=\"fas fa-copy\"><\/i> 1 fichier\u00b7s <i class=\"fas fa-hdd ml-3\"><\/i> 5.57 MB<\/div>\n            <\/div>\n            <div class=\"ml-3\">\n                <a class='wpdm-download-link download-on-click btn btn-primary ' rel='nofollow' href='#' data-downloadurl=\"https:\/\/lifemysoil.eu\/fr\/download\/bioremediation-of-petroleum-hydrocarbons-polluted-soil-by-spent-mushroom-substrates-microbiological-structure-and-functionality\/?wpdmdl=6876&refresh=69f0d25d720e01777390173\">T\u00e9l\u00e9charger<\/a>\n            <\/div>\n        <\/div>\n    <\/div>\n<\/div>\n\n<\/div>\n<div id=\"gtx-trans\" style=\"position: absolute; left: 139px; top: 29px;\">\n<div class=\"gtx-trans-icon\"><\/div>\n<\/div>\n<p>[\/vc_column_text][\/vc_column][\/vc_row][vc_row css=\u00a0\u00bb.vc_custom_1716536145174{margin-top: 30px !important;}\u00a0\u00bb][vc_column]<div id=\"ultimate-heading-368969f0d25d738ed\" class=\"uvc-heading ult-adjust-bottom-margin ultimate-heading-368969f0d25d738ed uvc-7119 \" data-hspacer=\"no_spacer\"  data-halign=\"left\" style=\"text-align:left\"><div class=\"uvc-heading-spacer no_spacer\" style=\"top\"><\/div><div class=\"uvc-main-heading ult-responsive\"  data-ultimate-target='.uvc-heading.ultimate-heading-368969f0d25d738ed h3'  data-responsive-json-new='{\"font-size\":\"desktop:25px;\",\"line-height\":\"desktop:28px;\"}' ><h3 style=\"font-weight:bold;color:#008d36;margin-bottom:20px;\">Main Factors Determining the Scale-Up Effectiveness of Mycoremediation for the Decontamination of Aliphatic Hydrocarbons in Soil<\/h3><\/div><\/div>[vc_column_text css=\u00a0\u00bb.vc_custom_1702905955316{margin-bottom: 20px !important;}\u00a0\u00bb]<strong>Journal of Fungi (2023)<\/strong><\/p>\n<div id=\"gtx-trans\" style=\"position: absolute; left: 85px; top: 29px;\">\n<div class=\"gtx-trans-icon\"><\/div>\n<\/div>\n<p>[\/vc_column_text][vc_column_text css=\u00a0\u00bb.vc_custom_1702906118018{margin-bottom: 20px !important;}\u00a0\u00bb]<em>by Rafael Ant\u00f3n-Herrero, Carlos Garc\u00eda-Delgado, Enrique Eymar (Universidad Aut\u00f3noma de Madrid), Ilaria Chicca (Novobiom), Silvia Crognale, Davide Lelli, Maurizio Petruccioli, Alessandro D\u2019Annibale (University of Tuscia), Romina Mariel Gargarello, Jofre Herrero (Eurecat), Anko Fischer (Isodetect), Laurent Thannberger (Valgo)<\/em>[\/vc_column_text][vc_column_text css=\u00a0\u00bb.vc_custom_1702906137216{margin-bottom: 20px !important;}\u00a0\u00bb]Soil contamination constitutes a significant threat to the health of soil ecosystems in terms of complexity, toxicity, and recalcitrance. Among all contaminants, aliphatic petroleum hydrocarbons (APH) are of particular concern due to their abundance and persistence in the environment and the need of remediation technologies to ensure their removal in an environmentally, socially, and economically sustainable way. Soil remediation technologies presently available on the market to tackle soil contamination by petroleum hydrocarbons (PH) include landfilling, physical treatments (e.g., thermal desorption), chemical treatments (e.g., oxidation), and conventional bioremediation. The first two solutions are costly and energy-intensive approaches. Conversely, bioremediation of on-site excavated soil arranged in biopiles is a more sustainable procedure. Biopiles are engineered heaps able to stimulate microbial activity and enhance biodegradation, thus ensuring the removal of organic pollutants. This soil remediation technology is currently the most environmentally friendly solution available on the market, as it is less energy-intensive and has no detrimental impact on biological soil functions. However, its major limitation is its low removal efficiency, especially for long-chain hydrocarbons (LCH), compared to thermal desorption. Nevertheless, the use of fungi for remediation of environmental contaminants retains the benefits of bioremediation treatments, including low economic, social, and environmental costs, while attaining removal efficiencies similar to thermal desorption. Mycoremediation is a widely studied technology at lab scale, but there are few experiences at pilot scale. Several factors may reduce the overall efficiency of on-site mycoremediation biopiles (mycopiles), and the efficiency detected in the bench scale. These factors include the bioavailability of hydrocarbons, the selection of fungal species and bulking agents and their application rate, the interaction between the inoculated fungi and the indigenous microbiota, soil properties and nutrients, and other environmental factors (e.g., humidity, oxygen, and temperature). The identification of these factors at an early stage of biotreatability experiments would allow the application of this on-site technology to be refined and fine-tuned. This review brings together all mycoremediation work applied to aliphatic petroleum hydrocarbons (APH) and identifies the key factors in making mycoremediation effective. It also includes technological advances that reduce the effect of these factors, such as the structure of mycopiles, the application of surfactants, and the control of environmental factors.[\/vc_column_text][vc_column_text]<div class='w3eden'><!-- WPDM Link Template: Default Template -->\n\n<div class=\"link-template-default card mb-2\">\n    <div class=\"card-body\">\n        <div class=\"media\">\n            <div class=\"mr-3 img-48\"><img decoding=\"async\" class=\"wpdm_icon\" alt=\"Ic\u00f4ne\" src=\"https:\/\/lifemysoil.eu\/wp-content\/plugins\/download-manager\/assets\/file-type-icons\/pdf.svg\" \/><\/div>\n            <div class=\"media-body\">\n                <h3 class=\"package-title\"><a href='https:\/\/lifemysoil.eu\/fr\/download\/main-factors-determining-the-scale-up-effectiveness-of-mycoremediation-for-the-decontamination-of-aliphatic-hydrocarbons-in-soil\/'>Main Factors Determining the Scale-Up Effectiveness of Mycoremediation for the Decontamination of Aliphatic Hydrocarbons in Soil<\/a><\/h3>\n                <div class=\"text-muted text-small\"><i class=\"fas fa-copy\"><\/i> 1 fichier\u00b7s <i class=\"fas fa-hdd ml-3\"><\/i> 1.53 MB<\/div>\n            <\/div>\n            <div class=\"ml-3\">\n                <a class='wpdm-download-link download-on-click btn btn-primary ' rel='nofollow' href='#' data-downloadurl=\"https:\/\/lifemysoil.eu\/fr\/download\/main-factors-determining-the-scale-up-effectiveness-of-mycoremediation-for-the-decontamination-of-aliphatic-hydrocarbons-in-soil\/?wpdmdl=5544&refresh=69f0d25d767861777390173\">T\u00e9l\u00e9charger<\/a>\n            <\/div>\n        <\/div>\n    <\/div>\n<\/div>\n\n<\/div>\n<div id=\"gtx-trans\" style=\"position: absolute; left: 56px; top: 29px;\">\n<div class=\"gtx-trans-icon\"><\/div>\n<\/div>\n<p>[\/vc_column_text][\/vc_column][\/vc_row][vc_row css=\u00a0\u00bb.vc_custom_1702906182204{margin-top: 30px !important;}\u00a0\u00bb][vc_column]<div id=\"ultimate-heading-621569f0d25d778e0\" class=\"uvc-heading ult-adjust-bottom-margin ultimate-heading-621569f0d25d778e0 uvc-8562 \" data-hspacer=\"no_spacer\"  data-halign=\"left\" style=\"text-align:left\"><div class=\"uvc-heading-spacer no_spacer\" style=\"top\"><\/div><div class=\"uvc-main-heading ult-responsive\"  data-ultimate-target='.uvc-heading.ultimate-heading-621569f0d25d778e0 h4'  data-responsive-json-new='{\"font-size\":\"desktop:25px;\",\"line-height\":\"desktop:28px;\"}' ><h4 style=\"font-weight:bold;color:#008d36;margin-bottom:20px;\">Assessment of Different Spent Mushroom Substrates to Bioremediate Soils Contaminated with Petroleum Hydrocarbons<\/h4><\/div><\/div>[vc_column_text css=\u00a0\u00bb.vc_custom_1663921195577{margin-bottom: 20px !important;}\u00a0\u00bb]<strong>Applied Sciences (2022)<\/strong>[\/vc_column_text][vc_column_text css=\u00a0\u00bb.vc_custom_1663921021218{margin-bottom: 20px !important;}\u00a0\u00bb]<em>by R. Ant\u00f3n-Herrero; C. Garc\u00eda-Delgado, N. Baena; B. Mayans; L. Delgado-Moreno, E. Eymar (Universidad Aut\u00f3noma de Madrid)<\/em>[\/vc_column_text][vc_column_text css=\u00a0\u00bb.vc_custom_1663919149521{margin-bottom: 20px !important;}\u00a0\u00bb]Bioremediation techniques are being developed as substitutes for physical\u2013chemical methodologies that are expensive and not sustainable. For example, using the agricultural waste spent mushroom substrate (SMS) which contains valuable microbiota for soil bioremediation. In this work, SMSs of four cultivated fungal species, Pleurotus eryngii, Lentinula edodes, Pleurotus ostreatus, and Agaricus bisporus were evaluated for the bioremediation of soils contaminated by petroleum hydrocarbons (TPHs). The bioremediation test was carried out by mixing the four different SMSs with the TPH-contaminated soil in comparison with an unamended soil control to assess its natural attenuation. To determine the most efficient bioremediation strategy, hydrolase, dehydrogenase, and ligninolytic activities, ergosterol content, and percentage of TPHs degradation (total and by chains) were determined at the end of the assay at 40 days. The application of SMS significantly improved the degradation of TPHs with respect to the control. The most effective spent mushroom substrate to degrade TPHs was A. bisporus, followed by L. edodes and P. ostreatus. Similar results were obtained for<br \/>\nthe removal of aliphatic and aromatic hydrocarbons. The results showed the effectiveness of SMS to remove aliphatic and aromatic hydrocarbons from C10 to C35. This work demonstrates an alternative to valorizing an abundant agricultural waste as SMS to bioremediate contaminated soils.[\/vc_column_text][vc_column_text]<div class='w3eden'><!-- WPDM Link Template: Default Template -->\n\n<div class=\"link-template-default card mb-2\">\n    <div class=\"card-body\">\n        <div class=\"media\">\n            <div class=\"mr-3 img-48\"><img decoding=\"async\" class=\"wpdm_icon\" alt=\"Ic\u00f4ne\" src=\"https:\/\/lifemysoil.eu\/wp-content\/plugins\/download-manager\/assets\/file-type-icons\/pdf.svg\" \/><\/div>\n            <div class=\"media-body\">\n                <h3 class=\"package-title\"><a href='https:\/\/lifemysoil.eu\/fr\/download\/assessment-of-different-spent-mushroom-substrates-to-bioremediate-soils-contaminated-with-petroleum-hydrocarbons\/'>Assessment of Different Spent Mushroom Substrates to Bioremediate Soils Contaminated with Petroleum Hydrocarbons<\/a><\/h3>\n                <div class=\"text-muted text-small\"><i class=\"fas fa-copy\"><\/i> 1 fichier\u00b7s <i class=\"fas fa-hdd ml-3\"><\/i> 1.09 MB<\/div>\n            <\/div>\n            <div class=\"ml-3\">\n                <a class='wpdm-download-link download-on-click btn btn-primary ' rel='nofollow' href='#' data-downloadurl=\"https:\/\/lifemysoil.eu\/fr\/download\/assessment-of-different-spent-mushroom-substrates-to-bioremediate-soils-contaminated-with-petroleum-hydrocarbons\/?wpdmdl=3292&refresh=69f0d25d7a80e1777390173\">T\u00e9l\u00e9charger<\/a>\n            <\/div>\n        <\/div>\n    <\/div>\n<\/div>\n\n<\/div>[\/vc_column_text][\/vc_column][\/vc_row][vc_row bg_type=\u00a0\u00bbbg_color\u00a0\u00bb bg_override=\u00a0\u00bbfull\u00a0\u00bb bg_color_value=\u00a0\u00bb#008d36&Prime; css=\u00a0\u00bb.vc_custom_1671633753606{margin-top: 50px !important;padding-top: 50px !important;padding-bottom: 40px !important;}\u00a0\u00bb][vc_column]<div id=\"ultimate-heading-917269f0d25d7b8f8\" class=\"uvc-heading ult-adjust-bottom-margin ultimate-heading-917269f0d25d7b8f8 uvc-1014 \" data-hspacer=\"no_spacer\"  data-halign=\"center\" style=\"text-align:center\"><div class=\"uvc-heading-spacer no_spacer\" style=\"top\"><\/div><div class=\"uvc-main-heading ult-responsive\"  data-ultimate-target='.uvc-heading.ultimate-heading-917269f0d25d7b8f8 h2'  data-responsive-json-new='{\"font-size\":\"desktop:40px;\",\"line-height\":\"desktop:46px;\"}' ><h2 style=\"font-weight:bold;color:#432918;margin-bottom:10px;\">Find all LIFE MySOIL-related research<\/h2><\/div><div class=\"uvc-sub-heading ult-responsive\"  data-ultimate-target='.uvc-heading.ultimate-heading-917269f0d25d7b8f8 .uvc-sub-heading '  data-responsive-json-new='{\"font-size\":\"desktop:50px;\",\"line-height\":\"desktop:76px;\"}'  style=\"font-weight:normal;\"><span style=\"color: #ffffff;\">IN ZENODO OPEN-ACCESS REPOSITORY<\/span><\/div><\/div><div class=\" vc_custom_1671619997456 ubtn-ctn-center \"><a class=\"ubtn-link ult-adjust-bottom-margin ubtn-center ubtn-large \" href=\"https:\/\/zenodo.org\/communities\/life-mysoil\/?page=1&size=20\" target=\"_blank\" rel=\"noopener\" ><button type=\"button\" id=\"ubtn-4281\"  class=\"ubtn ult-adjust-bottom-margin ult-responsive ubtn-large ubtn-no-hover-bg  none  ubtn-center   tooltip-69f0d25d7b9b1\"  data-hover=\"\" data-border-color=\"\" data-bg=\"#432918\" data-hover-bg=\"\" data-border-hover=\"\" data-shadow-hover=\"\" data-shadow-click=\"none\" data-shadow=\"\" data-shd-shadow=\"\"  data-ultimate-target='#ubtn-4281'  data-responsive-json-new='{\"font-size\":\"\",\"line-height\":\"\"}'  style=\"font-weight:bold;border:none;background: #432918;color: #ffffff;\"><span class=\"ubtn-hover\" style=\"background-color:\"><\/span><span class=\"ubtn-data ubtn-text \" >ACCESS ZENODO<\/span><\/button><\/a><\/div>[\/vc_column][\/vc_row]<\/p>\n<\/div>","protected":false},"excerpt":{"rendered":"<p>[vc_row][vc_column][\/vc_column][\/vc_row][vc_row css=\u00a0\u00bb.vc_custom_1716536159235{margin-top: 30px !important;}\u00a0\u00bb][vc_column][vc_column_text css=\u00a0\u00bb.vc_custom_1716535853822{margin-bottom: 20px !important;}\u00a0\u00bb]Journal of Hazardous Materials (2024) [\/vc_column_text][vc_column_text css=\u00a0\u00bb.vc_custom_1716535936120{margin-bottom: 20px !important;}\u00a0\u00bb]by Bego\u00f1a Mayans, Rafael Ant\u00f3n-Herrero, Carlos Garc\u00eda-Delgado, Laura Delgado-Moreno, Mar\u00eda Guirado, Javier P\u00e9rez-Esteban, Consuelo Escol\u00e1stico, Enrique Eymar (Universidad Aut\u00f3noma de Madrid)[\/vc_column_text][vc_column_text css=\u00a0\u00bb.vc_custom_1716535954036{margin-bottom: 20px !important;}\u00a0\u00bb] Spent mushroom substrate (SMS) holds valuable microbiota that can be useful in remediating polluted soils with hydrocarbons.&hellip;<\/p>\n","protected":false},"author":1,"featured_media":0,"parent":0,"menu_order":0,"comment_status":"closed","ping_status":"closed","template":"","meta":{"footnotes":""},"class_list":["post-3574","page","type-page","status-publish","hentry","description-off"],"_links":{"self":[{"href":"https:\/\/lifemysoil.eu\/fr\/wp-json\/wp\/v2\/pages\/3574","targetHints":{"allow":["GET"]}}],"collection":[{"href":"https:\/\/lifemysoil.eu\/fr\/wp-json\/wp\/v2\/pages"}],"about":[{"href":"https:\/\/lifemysoil.eu\/fr\/wp-json\/wp\/v2\/types\/page"}],"author":[{"embeddable":true,"href":"https:\/\/lifemysoil.eu\/fr\/wp-json\/wp\/v2\/users\/1"}],"replies":[{"embeddable":true,"href":"https:\/\/lifemysoil.eu\/fr\/wp-json\/wp\/v2\/comments?post=3574"}],"version-history":[{"count":3,"href":"https:\/\/lifemysoil.eu\/fr\/wp-json\/wp\/v2\/pages\/3574\/revisions"}],"predecessor-version":[{"id":6883,"href":"https:\/\/lifemysoil.eu\/fr\/wp-json\/wp\/v2\/pages\/3574\/revisions\/6883"}],"wp:attachment":[{"href":"https:\/\/lifemysoil.eu\/fr\/wp-json\/wp\/v2\/media?parent=3574"}],"curies":[{"name":"wp","href":"https:\/\/api.w.org\/{rel}","templated":true}]}}