{"id":2456,"date":"2022-01-25T11:42:28","date_gmt":"2022-01-25T11:42:28","guid":{"rendered":"https:\/\/lifemysoil.eu\/results\/"},"modified":"2022-02-10T15:25:42","modified_gmt":"2022-02-10T15:25:42","slug":"resultados","status":"publish","type":"page","link":"https:\/\/lifemysoil.eu\/es\/resultados\/","title":{"rendered":"Resultados"},"content":{"rendered":"<div class=\"wpb-content-wrapper\"><p>[vc_row][vc_column css=\u00bb.vc_custom_1643211001299{padding-bottom: 70px !important;}\u00bb]<div id=\"ultimate-heading-793469e23a1ad57fa\" class=\"uvc-heading ult-adjust-bottom-margin ultimate-heading-793469e23a1ad57fa uvc-779 \" data-hspacer=\"no_spacer\"  data-halign=\"left\" style=\"text-align:left\"><div class=\"uvc-heading-spacer no_spacer\" style=\"top\"><\/div><div class=\"uvc-main-heading ult-responsive\"  data-ultimate-target='.uvc-heading.ultimate-heading-793469e23a1ad57fa h2'  data-responsive-json-new='{\"font-size\":\"desktop:40px;\",\"line-height\":\"desktop:46px;\"}' ><h2 style=\"--font-weight:theme;margin-bottom:70px;\">Resultados<\/h2><\/div><\/div>[vc_column_text]En esta secci\u00f3n se incluir\u00e1n los resultados, el material de promoci\u00f3n, los recortes de prensa y las publicaciones cient\u00edficas.[\/vc_column_text][\/vc_column][\/vc_row]<\/p>\n<\/div>","protected":false},"excerpt":{"rendered":"<p>[vc_row][vc_column css=\u00bb.vc_custom_1643211001299{padding-bottom: 70px !important;}\u00bb][vc_column_text]En esta secci\u00f3n se incluir\u00e1n los resultados, el material de promoci\u00f3n, los recortes de prensa y las publicaciones cient\u00edficas.[\/vc_column_text][\/vc_column][\/vc_row]<\/p>\n","protected":false},"author":2,"featured_media":0,"parent":0,"menu_order":0,"comment_status":"closed","ping_status":"closed","template":"","meta":{"footnotes":""},"class_list":["post-2456","page","type-page","status-publish","hentry","description-off"],"_links":{"self":[{"href":"https:\/\/lifemysoil.eu\/es\/wp-json\/wp\/v2\/pages\/2456","targetHints":{"allow":["GET"]}}],"collection":[{"href":"https:\/\/lifemysoil.eu\/es\/wp-json\/wp\/v2\/pages"}],"about":[{"href":"https:\/\/lifemysoil.eu\/es\/wp-json\/wp\/v2\/types\/page"}],"author":[{"embeddable":true,"href":"https:\/\/lifemysoil.eu\/es\/wp-json\/wp\/v2\/users\/2"}],"replies":[{"embeddable":true,"href":"https:\/\/lifemysoil.eu\/es\/wp-json\/wp\/v2\/comments?post=2456"}],"version-history":[{"count":2,"href":"https:\/\/lifemysoil.eu\/es\/wp-json\/wp\/v2\/pages\/2456\/revisions"}],"predecessor-version":[{"id":2547,"href":"https:\/\/lifemysoil.eu\/es\/wp-json\/wp\/v2\/pages\/2456\/revisions\/2547"}],"wp:attachment":[{"href":"https:\/\/lifemysoil.eu\/es\/wp-json\/wp\/v2\/media?parent=2456"}],"curies":[{"name":"wp","href":"https:\/\/api.w.org\/{rel}","templated":true}]}}