{"id":2444,"date":"2022-01-25T11:42:52","date_gmt":"2022-01-25T11:42:52","guid":{"rendered":"https:\/\/lifemysoil.eu\/related-life-projects\/"},"modified":"2022-02-25T08:50:51","modified_gmt":"2022-02-25T08:50:51","slug":"proyectos-life-relacionados","status":"publish","type":"page","link":"https:\/\/lifemysoil.eu\/es\/proyectos-life-relacionados\/","title":{"rendered":"Proyectos LIFE relacionados"},"content":{"rendered":"<div class=\"wpb-content-wrapper\"><p>[vc_row css=\u00bb.vc_custom_1643203318334{padding-bottom: 32px !important;}\u00bb][vc_column css=\u00bb.vc_custom_1643203358809{padding-bottom: 70px !important;}\u00bb]<div id=\"ultimate-heading-262369e2399c72022\" class=\"uvc-heading ult-adjust-bottom-margin ultimate-heading-262369e2399c72022 uvc-3980 \" data-hspacer=\"no_spacer\"  data-halign=\"left\" style=\"text-align:left\"><div class=\"uvc-heading-spacer no_spacer\" style=\"top\"><\/div><div class=\"uvc-main-heading ult-responsive\"  data-ultimate-target='.uvc-heading.ultimate-heading-262369e2399c72022 h2'  data-responsive-json-new='{\"font-size\":\"desktop:40px;\",\"line-height\":\"desktop:46px;\"}' ><h2 style=\"--font-weight:theme;margin-bottom:70px;\">Proyectos LIFE relacionados<\/h2><\/div><\/div>[vc_column_text]En esta secci\u00f3n se muestra una lista de proyectos LIFE relacionados.[\/vc_column_text][\/vc_column][\/vc_row][vc_row][vc_column width=\u00bb1\/4&#8243;]<div id=\"ultimate-heading-517469e2399c72171\" class=\"uvc-heading ult-adjust-bottom-margin ultimate-heading-517469e2399c72171 uvc-4743  uvc-heading-default-font-sizes\" data-hspacer=\"no_spacer\"  data-halign=\"center\" style=\"text-align:center\"><div class=\"uvc-heading-spacer no_spacer\" style=\"top\"><\/div><div class=\"uvc-main-heading ult-responsive\"  data-ultimate-target='.uvc-heading.ultimate-heading-517469e2399c72171 h2'  data-responsive-json-new='{\"font-size\":\"\",\"line-height\":\"\"}' ><h2 style=\"--font-weight:theme;\">LIFE SOuRCE<\/h2><\/div><\/div>[vc_empty_space]<div class=\"standard-arrow list-divider bullet-top\"><ul>\n<li><strong>A\u00f1o de inicio<\/strong>: 2020<\/li>\n<li><strong>Asunto<\/strong>: Demostraci\u00f3n y evaluaci\u00f3n de tecnolog\u00edas de saneamiento sostenible <em>in situ<\/em> para aguas subterr\u00e1neas contaminadas con sustancias perfluoroalquiladas<\/li>\n<li><strong>N.\u00ba de referencia del proyecto<\/strong>: LIFE20 ENV\/ES\/000880<\/li>\n<\/ul>\n<\/div>[\/vc_column][vc_column width=\u00bb1\/4&#8243;]<div id=\"ultimate-heading-307069e2399c72347\" class=\"uvc-heading ult-adjust-bottom-margin ultimate-heading-307069e2399c72347 uvc-8145  uvc-heading-default-font-sizes\" data-hspacer=\"no_spacer\"  data-halign=\"center\" style=\"text-align:center\"><div class=\"uvc-heading-spacer no_spacer\" style=\"top\"><\/div><div class=\"uvc-main-heading ult-responsive\"  data-ultimate-target='.uvc-heading.ultimate-heading-307069e2399c72347 h2'  data-responsive-json-new='{\"font-size\":\"\",\"line-height\":\"\"}' ><h2 style=\"--font-weight:theme;\">LIFE FRAC-IN<\/h2><\/div><\/div>[vc_empty_space]<div class=\"standard-arrow list-divider bullet-top\"><ul>\n<li><strong>A\u00f1o de inicio<\/strong>: 2020<\/li>\n<li><strong>Asunto<\/strong>: Permitir la recuperaci\u00f3n de suelos <em>in situ<\/em> en lugares de baja permeabilidad mediante fracturaci\u00f3n hidr\u00e1ulica\/neum\u00e1tica (FRAC-IN)<\/li>\n<li><strong>N.\u00ba de referencia del proyecto<\/strong>: LIFE20 ENV\/ES\/000597<\/li>\n<\/ul>\n<\/div>[\/vc_column][vc_column width=\u00bb1\/4&#8243;]<div id=\"ultimate-heading-255569e2399c72505\" class=\"uvc-heading ult-adjust-bottom-margin ultimate-heading-255569e2399c72505 uvc-2249  uvc-heading-default-font-sizes\" data-hspacer=\"no_spacer\"  data-halign=\"center\" style=\"text-align:center\"><div class=\"uvc-heading-spacer no_spacer\" style=\"top\"><\/div><div class=\"uvc-main-heading ult-responsive\"  data-ultimate-target='.uvc-heading.ultimate-heading-255569e2399c72505 h2'  data-responsive-json-new='{\"font-size\":\"\",\"line-height\":\"\"}' ><h2 style=\"--font-weight:theme;\">LIFE SEDREMED<\/h2><\/div><\/div>[vc_empty_space]<div class=\"standard-arrow list-divider bullet-top\"><ul>\n<li><strong>A\u00f1o de inicio<\/strong>: 2020<\/li>\n<li><strong>Asunto<\/strong>: Biorremediaci\u00f3n de sedimentos contaminados en zonas costeras de antiguos emplazamientos industriales<\/li>\n<li><strong>N.\u00ba de referencia del proyecto<\/strong>: LIFE20 ENV\/IT\/000572<\/li>\n<\/ul>\n<\/div>[\/vc_column][vc_column width=\u00bb1\/4&#8243;]<div id=\"ultimate-heading-344469e2399c726e6\" class=\"uvc-heading ult-adjust-bottom-margin ultimate-heading-344469e2399c726e6 uvc-992  uvc-heading-default-font-sizes\" data-hspacer=\"no_spacer\"  data-halign=\"center\" style=\"text-align:center\"><div class=\"uvc-heading-spacer no_spacer\" style=\"top\"><\/div><div class=\"uvc-main-heading ult-responsive\"  data-ultimate-target='.uvc-heading.ultimate-heading-344469e2399c726e6 h2'  data-responsive-json-new='{\"font-size\":\"\",\"line-height\":\"\"}' ><h2 style=\"--font-weight:theme;\">LIFE Regrow<\/h2><\/div><\/div>[vc_empty_space]<div class=\"standard-arrow list-divider bullet-top\"><ul>\n<li><strong>A\u00f1o de inicio<\/strong>: 2017<\/li>\n<li><strong>Asunto<\/strong>: Restauraci\u00f3n de un espacio ocupado por una balsa de aguas residuales en desuso, aplicando in situ diferentes estrategias biol\u00f3gicas (biorremediaci\u00f3n, fitorremediaci\u00f3n y compostaje)<\/li>\n<li><strong>N\u00ba de referencia del proyecto<\/strong>: LIFE16 ENV\/ES\/331<\/li>\n<\/ul>\n<\/div>[\/vc_column][\/vc_row]<\/p>\n<\/div>","protected":false},"excerpt":{"rendered":"<p>[vc_row css=\u00bb.vc_custom_1643203318334{padding-bottom: 32px !important;}\u00bb][vc_column css=\u00bb.vc_custom_1643203358809{padding-bottom: 70px !important;}\u00bb][vc_column_text]En esta secci\u00f3n se muestra una lista de proyectos LIFE relacionados.[\/vc_column_text][\/vc_column][\/vc_row][vc_row][vc_column width=\u00bb1\/4&#8243;][vc_empty_space][\/vc_column][vc_column width=\u00bb1\/4&#8243;][vc_empty_space][\/vc_column][vc_column width=\u00bb1\/4&#8243;][vc_empty_space][\/vc_column][vc_column width=\u00bb1\/4&#8243;][vc_empty_space][\/vc_column][\/vc_row]<\/p>\n","protected":false},"author":2,"featured_media":0,"parent":0,"menu_order":0,"comment_status":"closed","ping_status":"closed","template":"","meta":{"footnotes":""},"class_list":["post-2444","page","type-page","status-publish","hentry","description-off"],"_links":{"self":[{"href":"https:\/\/lifemysoil.eu\/es\/wp-json\/wp\/v2\/pages\/2444","targetHints":{"allow":["GET"]}}],"collection":[{"href":"https:\/\/lifemysoil.eu\/es\/wp-json\/wp\/v2\/pages"}],"about":[{"href":"https:\/\/lifemysoil.eu\/es\/wp-json\/wp\/v2\/types\/page"}],"author":[{"embeddable":true,"href":"https:\/\/lifemysoil.eu\/es\/wp-json\/wp\/v2\/users\/2"}],"replies":[{"embeddable":true,"href":"https:\/\/lifemysoil.eu\/es\/wp-json\/wp\/v2\/comments?post=2444"}],"version-history":[{"count":2,"href":"https:\/\/lifemysoil.eu\/es\/wp-json\/wp\/v2\/pages\/2444\/revisions"}],"predecessor-version":[{"id":2745,"href":"https:\/\/lifemysoil.eu\/es\/wp-json\/wp\/v2\/pages\/2444\/revisions\/2745"}],"wp:attachment":[{"href":"https:\/\/lifemysoil.eu\/es\/wp-json\/wp\/v2\/media?parent=2444"}],"curies":[{"name":"wp","href":"https:\/\/api.w.org\/{rel}","templated":true}]}}