{"id":2420,"date":"2016-01-29T09:51:22","date_gmt":"2016-01-29T09:51:22","guid":{"rendered":"https:\/\/lifemysoil.eu\/home\/"},"modified":"2022-03-23T10:12:12","modified_gmt":"2022-03-23T10:12:12","slug":"home","status":"publish","type":"page","link":"https:\/\/lifemysoil.eu\/es\/","title":{"rendered":"Inicio"},"content":{"rendered":"<div class=\"wpb-content-wrapper\"><p>[vc_row css=\u00bb.vc_custom_1643274585375{padding-top: 70px !important;background-color: #ffffff !important;}\u00bb][vc_column]<div id=\"ultimate-heading-19376a03208aa79bb\" class=\"uvc-heading ult-adjust-bottom-margin ultimate-heading-19376a03208aa79bb uvc-1412 accent-border-color\" data-hspacer=\"line_only\"  data-halign=\"center\" style=\"text-align:center\"><div class=\"uvc-main-heading ult-responsive\"  data-ultimate-target='.uvc-heading.ultimate-heading-19376a03208aa79bb h2'  data-responsive-json-new='{\"font-size\":\"desktop:40px;\",\"line-height\":\"desktop:46px;\"}' ><h2 style=\"font-weight:bold;margin-bottom:15px;\">Objectivos ambientales<\/h2><\/div><div class=\"uvc-heading-spacer line_only\" style=\"topheight:5px;\"><span class=\"uvc-headings-line\" style=\"border-style:solid;border-bottom-width:5px;border-color:;width:200px;\"><\/span><\/div><\/div>[\/vc_column][\/vc_row][vc_row full_width=\u00bbstretch_row\u00bb type=\u00bbvc_default\u00bb margin_top=\u00bb-6&#8243; margin_bottom=\u00bb24&#8243; css=\u00bb.vc_custom_1495112538029{padding-top: 50px !important;padding-bottom: 0px !important;}\u00bb][vc_column width=\u00bb1\/2&#8243; offset=\u00bbvc_col-lg-3 vc_col-md-3&#8243; css=\u00bb.vc_custom_1495112557524{padding-bottom: 50px !important;}\u00bb]<div class=\"aio-icon-component  vc_custom_1644497419766  accent-icon-bg style_1\"><div id=\"Info-box-wrap-6545\" class=\"aio-icon-box top-icon\" style=\"\"  ><div class=\"aio-icon-top\"><div class=\"ult-just-icon-wrapper  \"><div class=\"align-icon\" style=\"text-align:center;\">\n<div class=\"aio-icon circle \"  style=\"color:#ffffff;font-size:32px;display:inline-block;\">\n\t<i class=\"fas fa-industry\"><\/i>\n<\/div><\/div><\/div><\/div><div class=\"aio-icon-header\" ><h3 class=\"aio-icon-title ult-responsive\"  data-ultimate-target='#Info-box-wrap-6545 .aio-icon-title'  data-responsive-json-new='{\"font-size\":\"desktop:20px;\",\"line-height\":\"desktop:30px;\"}'  style=\"\">ELIMINAR TODOS LOS DERIVADOS DEL PETR\u00d3LEO DE LOS SUELOS CONTAMINADOS<\/h3><\/div> <!-- header --><div class=\"aio-icon-description ult-responsive\"  data-ultimate-target='#Info-box-wrap-6545 .aio-icon-description'  data-responsive-json-new='{\"font-size\":\"\",\"line-height\":\"\"}'  style=\"\">Eliminar todos los contaminantes org\u00e1nicos derivados del petr\u00f3leo de los suelos industriales contaminados y envejecidos hasta alcanzar los objetivos de limpieza requeridos para la reutilizaci\u00f3n del suelo.<\/div> <!-- description --><\/div> <!-- aio-icon-box --><\/div> <!-- aio-icon-component -->[\/vc_column][vc_column width=\u00bb1\/2&#8243; offset=\u00bbvc_col-lg-3 vc_col-md-3&#8243; css=\u00bb.vc_custom_1495112563645{padding-bottom: 50px !important;}\u00bb]<div class=\"aio-icon-component  vc_custom_1644497513106  accent-icon-bg style_1\"><div id=\"Info-box-wrap-9534\" class=\"aio-icon-box top-icon\" style=\"\"  ><div class=\"aio-icon-top\"><div class=\"ult-just-icon-wrapper  \"><div class=\"align-icon\" style=\"text-align:center;\">\n<div class=\"aio-icon circle \"  style=\"color:#ffffff;font-size:32px;display:inline-block;\">\n\t<i class=\"fab fa-envira\"><\/i>\n<\/div><\/div><\/div><\/div><div class=\"aio-icon-header\" ><h3 class=\"aio-icon-title ult-responsive\"  data-ultimate-target='#Info-box-wrap-9534 .aio-icon-title'  data-responsive-json-new='{\"font-size\":\"desktop:20px;\",\"line-height\":\"desktop:30px;\"}'  style=\"\">MICORREMEDIACI\u00d3N COMO CLAVE<\/h3><\/div> <!-- header --><div class=\"aio-icon-description ult-responsive\"  data-ultimate-target='#Info-box-wrap-9534 .aio-icon-description'  data-responsive-json-new='{\"font-size\":\"\",\"line-height\":\"\"}'  style=\"\">Promover y demostrar la eficacia de la micorremediaci\u00f3n como tecnolog\u00eda clave de biorremediaci\u00f3n.<\/div> <!-- description --><\/div> <!-- aio-icon-box --><\/div> <!-- aio-icon-component -->[\/vc_column][vc_column width=\u00bb1\/2&#8243; offset=\u00bbvc_col-lg-3 vc_col-md-3&#8243; css=\u00bb.vc_custom_1495112570142{padding-bottom: 50px !important;}\u00bb]<div class=\"aio-icon-component  vc_custom_1644497549002  accent-icon-bg style_1\"><div id=\"Info-box-wrap-6705\" class=\"aio-icon-box top-icon\" style=\"\"  ><div class=\"aio-icon-top\"><div class=\"ult-just-icon-wrapper  \"><div class=\"align-icon\" style=\"text-align:center;\">\n<div class=\"aio-icon circle \"  style=\"color:#ffffff;font-size:32px;display:inline-block;\">\n\t<i class=\"icomoon-icomoonfree-16x16-lab\"><\/i>\n<\/div><\/div><\/div><\/div><div class=\"aio-icon-header\" ><h3 class=\"aio-icon-title ult-responsive\"  data-ultimate-target='#Info-box-wrap-6705 .aio-icon-title'  data-responsive-json-new='{\"font-size\":\"desktop:20px;\",\"line-height\":\"desktop:30px;\"}'  style=\"\">REDUCIR LOS IMPACTOS MEDIOAMBIENTALES<\/h3><\/div> <!-- header --><div class=\"aio-icon-description ult-responsive\"  data-ultimate-target='#Info-box-wrap-6705 .aio-icon-description'  data-responsive-json-new='{\"font-size\":\"\",\"line-height\":\"\"}'  style=\"\">Reducir los impactos medioambientales de los procesos de micorremediaci\u00f3n en comparaci\u00f3n con las tecnolog\u00edas convencionales.<\/div> <!-- description --><\/div> <!-- aio-icon-box --><\/div> <!-- aio-icon-component -->[\/vc_column][vc_column width=\u00bb1\/2&#8243; offset=\u00bbvc_col-lg-3 vc_col-md-3&#8243; css=\u00bb.vc_custom_1495112577073{padding-bottom: 50px !important;}\u00bb]<div class=\"aio-icon-component  vc_custom_1644497637472  accent-icon-bg style_1\"><div id=\"Info-box-wrap-1059\" class=\"aio-icon-box top-icon\" style=\"\"  ><div class=\"aio-icon-top\"><div class=\"ult-just-icon-wrapper  \"><div class=\"align-icon\" style=\"text-align:center;\">\n<div class=\"aio-icon circle \"  style=\"color:#ffffff;font-size:32px;display:inline-block;\">\n\t<i class=\"fas fa-recycle\"><\/i>\n<\/div><\/div><\/div><\/div><div class=\"aio-icon-header\" ><h3 class=\"aio-icon-title ult-responsive\"  data-ultimate-target='#Info-box-wrap-1059 .aio-icon-title'  data-responsive-json-new='{\"font-size\":\"desktop:20px;\",\"line-height\":\"desktop:30px;\"}'  style=\"\">ECONOM\u00cdA CIRCULAR<\/h3><\/div> <!-- header --><div class=\"aio-icon-description ult-responsive\"  data-ultimate-target='#Info-box-wrap-1059 .aio-icon-description'  data-responsive-json-new='{\"font-size\":\"\",\"line-height\":\"\"}'  style=\"\">Promover el principio de la econom\u00eda circular, mediante la recuperaci\u00f3n del suelo (en lugar del dep\u00f3sito en vertederos) y el uso de subproductos agroindustriales y residuos verdes urbanos.<\/div> <!-- description --><\/div> <!-- aio-icon-box --><\/div> <!-- aio-icon-component -->[\/vc_column][\/vc_row][vc_row full_width=\u00bbstretch_row\u00bb bg_type=\u00bbbg_color\u00bb bg_override=\u00bbex-full\u00bb type=\u00bbvc_default\u00bb bg_color_value=\u00bb#f5f5f5&#8243; css=\u00bb.vc_custom_1496417868939{padding-top: 70px !important;padding-bottom: 20px !important;}\u00bb][vc_column css=\u00bb.vc_custom_1490364209546{padding-bottom: 80px !important;}\u00bb]<div id=\"ultimate-heading-8366a03208aa801c\" class=\"uvc-heading ult-adjust-bottom-margin ultimate-heading-8366a03208aa801c uvc-9504 accent-border-color\" data-hspacer=\"line_only\"  data-halign=\"center\" style=\"text-align:center\"><div class=\"uvc-main-heading ult-responsive\"  data-ultimate-target='.uvc-heading.ultimate-heading-8366a03208aa801c h2'  data-responsive-json-new='{\"font-size\":\"desktop:40px;\",\"line-height\":\"desktop:46px;\"}' ><h2 style=\"font-weight:bold;margin-bottom:15px;\">3 emplazamientos de prueba<\/h2><\/div><div class=\"uvc-heading-spacer line_only\" style=\"topheight:5px;\"><span class=\"uvc-headings-line\" style=\"border-style:solid;border-bottom-width:5px;border-color:;width:200px;\"><\/span><\/div><\/div>[\/vc_column][vc_column offset=\u00bbvc_col-lg-4 vc_col-md-12&#8243; css=\u00bb.vc_custom_1643279845138{padding-bottom: 50px !important;}\u00bb]<style type=\"text\/css\" data-type=\"the7_shortcodes-inline-css\">.shortcode-single-image-wrap.shortcode-single-image-09456b760c301824307ca6f3a8ac1ade.enable-bg-rollover .rollover i,\n.shortcode-single-image-wrap.shortcode-single-image-09456b760c301824307ca6f3a8ac1ade.enable-bg-rollover .rollover-video i {\n  background: -webkit-linear-gradient();\n  background: linear-gradient();\n}\n.shortcode-single-image-wrap.shortcode-single-image-09456b760c301824307ca6f3a8ac1ade .rollover-icon {\n  font-size: 32px;\n  color: #ffffff;\n  min-width: 44px;\n  min-height: 44px;\n  line-height: 44px;\n  border-radius: 100px;\n  border-style: solid;\n  border-width: 0px;\n}\n.dt-icon-bg-on.shortcode-single-image-wrap.shortcode-single-image-09456b760c301824307ca6f3a8ac1ade .rollover-icon {\n  background: rgba(255,255,255,0.3);\n  box-shadow: none;\n}<\/style><div class=\"shortcode-single-image-wrap shortcode-single-image-09456b760c301824307ca6f3a8ac1ade alignnone  vc_custom_1648030329691 enable-bg-rollover dt-icon-bg-off\" ><div class=\"shortcode-single-image\"><div class=\"fancy-media-wrap  layzr-bg\" style=\"\"><img fetchpriority=\"high\" decoding=\"async\" class=\"preload-me lazy-load aspect\" src=\"data:image\/svg+xml,%3Csvg%20xmlns%3D&#39;http%3A%2F%2Fwww.w3.org%2F2000%2Fsvg&#39;%20viewBox%3D&#39;0%200%201200%20620&#39;%2F%3E\" data-src=\"https:\/\/lifemysoil.eu\/wp-content\/uploads\/2022\/03\/Foto-web-CEPSA-1200x620.jpg\" data-srcset=\"https:\/\/lifemysoil.eu\/wp-content\/uploads\/2022\/03\/Foto-web-CEPSA-1200x620.jpg 1200w, https:\/\/lifemysoil.eu\/wp-content\/uploads\/2022\/03\/Foto-web-CEPSA-1329x686.jpg 1329w\" loading=\"eager\" sizes=\"(max-width: 1200px) 100vw, 1200px\" width=\"1200\" height=\"620\"  data-dt-location=\"https:\/\/lifemysoil.eu\/es\/home\/foto-web-cepsa-2\/\" style=\"--ratio: 1200 \/ 620;\" alt=\"\" \/><\/div><\/div><\/div><div id=\"ultimate-heading-56016a03208aaa2bb\" class=\"uvc-heading ult-adjust-bottom-margin ultimate-heading-56016a03208aaa2bb uvc-5715 accent-border-color\" data-hspacer=\"no_spacer\"  data-halign=\"left\" style=\"text-align:left\"><div class=\"uvc-heading-spacer no_spacer\" style=\"top\"><\/div><div class=\"uvc-main-heading ult-responsive\"  data-ultimate-target='.uvc-heading.ultimate-heading-56016a03208aaa2bb h2'  data-responsive-json-new='{\"font-size\":\"desktop:26px;\",\"line-height\":\"desktop:32px;\"}' ><h2 style=\"font-weight:bold;margin-bottom:20px;\">Una refiner\u00eda en Huelva<\/h2><\/div><\/div>[vc_column_text css=\u00bb.vc_custom_1644497966295{padding-bottom: 20px !important;}\u00bb]El emplazamiento en Espa\u00f1a contaminado con HTP se encuentra en las instalaciones de CEPSA en Palos de la Frontera (Huelva).[\/vc_column_text]<style type=\"text\/css\" data-type=\"the7_shortcodes-inline-css\">#default-btn-c783b1523f0b2af3e5ac08cdb103a697.ico-right-side > i {\n  margin-right: 0px;\n  margin-left: 8px;\n}\n#default-btn-c783b1523f0b2af3e5ac08cdb103a697 > i {\n  margin-right: 8px;\n}<\/style><a href=\"https:\/\/lifemysoil.eu\/demostration-sites\/\" class=\"default-btn-shortcode dt-btn dt-btn-s link-hover-off btn-inline-left \" target=\"_blank\" id=\"default-btn-c783b1523f0b2af3e5ac08cdb103a697\" rel=\"noopener\"><span>LEER M\u00c1S<\/span><\/a>[\/vc_column][vc_column offset=\u00bbvc_col-lg-4 vc_col-md-6&#8243; css=\u00bb.vc_custom_1643279854580{padding-bottom: 20px !important;background-color: #f2f2f2 !important;}\u00bb][vc_row_inner][vc_column_inner offset=\u00bbvc_col-lg-12 vc_col-md-12&#8243;]<style type=\"text\/css\" data-type=\"the7_shortcodes-inline-css\">.shortcode-single-image-wrap.shortcode-single-image-7ac108c8a26aae00b0e1e8961d2490d8.enable-bg-rollover .rollover i,\n.shortcode-single-image-wrap.shortcode-single-image-7ac108c8a26aae00b0e1e8961d2490d8.enable-bg-rollover .rollover-video i {\n  background: -webkit-linear-gradient();\n  background: linear-gradient();\n}\n.shortcode-single-image-wrap.shortcode-single-image-7ac108c8a26aae00b0e1e8961d2490d8 .rollover-icon {\n  font-size: 32px;\n  color: #ffffff;\n  min-width: 44px;\n  min-height: 44px;\n  line-height: 44px;\n  border-radius: 100px;\n  border-style: solid;\n  border-width: 0px;\n}\n.dt-icon-bg-on.shortcode-single-image-wrap.shortcode-single-image-7ac108c8a26aae00b0e1e8961d2490d8 .rollover-icon {\n  background: rgba(255,255,255,0.3);\n  box-shadow: none;\n}<\/style><div class=\"shortcode-single-image-wrap shortcode-single-image-7ac108c8a26aae00b0e1e8961d2490d8 alignnone  vc_custom_1643279329698 enable-bg-rollover dt-icon-bg-off\" ><div class=\"shortcode-single-image\"><div class=\"fancy-media-wrap  layzr-bg\" style=\"\"><img decoding=\"async\" class=\"preload-me lazy-load aspect\" src=\"data:image\/svg+xml,%3Csvg%20xmlns%3D&#39;http%3A%2F%2Fwww.w3.org%2F2000%2Fsvg&#39;%20viewBox%3D&#39;0%200%201200%20620&#39;%2F%3E\" data-src=\"https:\/\/lifemysoil.eu\/wp-content\/uploads\/2022\/01\/rouen.jpg\" data-srcset=\"https:\/\/lifemysoil.eu\/wp-content\/uploads\/2022\/01\/rouen.jpg 1200w\" loading=\"eager\" sizes=\"(max-width: 1200px) 100vw, 1200px\" width=\"1200\" height=\"620\"  data-dt-location=\"https:\/\/lifemysoil.eu\/es\/home\/rouen\/\" style=\"--ratio: 1200 \/ 620;\" alt=\"\" \/><\/div><\/div><\/div><div id=\"ultimate-heading-58636a03208aab7e6\" class=\"uvc-heading ult-adjust-bottom-margin ultimate-heading-58636a03208aab7e6 uvc-2331 accent-border-color\" data-hspacer=\"no_spacer\"  data-halign=\"left\" style=\"text-align:left\"><div class=\"uvc-heading-spacer no_spacer\" style=\"top\"><\/div><div class=\"uvc-main-heading ult-responsive\"  data-ultimate-target='.uvc-heading.ultimate-heading-58636a03208aab7e6 h2'  data-responsive-json-new='{\"font-size\":\"desktop:26px;\",\"line-height\":\"desktop:32px;\"}' ><h2 style=\"font-weight:bold;margin-bottom:20px;\">Una antigua refiner\u00eda en Ruan<\/h2><\/div><\/div>[vc_column_text css=\u00bb.vc_custom_1644498284887{padding-bottom: 20px !important;}\u00bb]En Francia, el emplazamiento de Petit-Couronne (al sur de Ruan, Normand\u00eda) pertenece a uno de los socios del proyecto (VG), lo que facilita los ensayos piloto.[\/vc_column_text]<style type=\"text\/css\" data-type=\"the7_shortcodes-inline-css\">#default-btn-51604b5aa8bb4d35a214f63420aec0a9.ico-right-side > i {\n  margin-right: 0px;\n  margin-left: 8px;\n}\n#default-btn-51604b5aa8bb4d35a214f63420aec0a9 > i {\n  margin-right: 8px;\n}<\/style><a href=\"https:\/\/lifemysoil.eu\/demostration-sites\/\" class=\"default-btn-shortcode dt-btn dt-btn-s link-hover-off btn-inline-left \" id=\"default-btn-51604b5aa8bb4d35a214f63420aec0a9\"><span>LEER M\u00c1S<\/span><\/a>[\/vc_column_inner][\/vc_row_inner][\/vc_column][vc_column css=\u00bb.vc_custom_1643279788634{padding-bottom: 50px !important;background-color: #d8d8d8d !important;}\u00bb offset=\u00bbvc_col-lg-4 vc_col-md-6&#8243;]<style type=\"text\/css\" data-type=\"the7_shortcodes-inline-css\">.shortcode-single-image-wrap.shortcode-single-image-b190f4c9afb346976ef3780ef233573e.enable-bg-rollover .rollover i,\n.shortcode-single-image-wrap.shortcode-single-image-b190f4c9afb346976ef3780ef233573e.enable-bg-rollover .rollover-video i {\n  background: -webkit-linear-gradient();\n  background: linear-gradient();\n}\n.shortcode-single-image-wrap.shortcode-single-image-b190f4c9afb346976ef3780ef233573e .rollover-icon {\n  font-size: 32px;\n  color: #ffffff;\n  min-width: 44px;\n  min-height: 44px;\n  line-height: 44px;\n  border-radius: 100px;\n  border-style: solid;\n  border-width: 0px;\n}\n.dt-icon-bg-on.shortcode-single-image-wrap.shortcode-single-image-b190f4c9afb346976ef3780ef233573e .rollover-icon {\n  background: rgba(255,255,255,0.3);\n  box-shadow: none;\n}<\/style><div class=\"shortcode-single-image-wrap shortcode-single-image-b190f4c9afb346976ef3780ef233573e alignnone  vc_custom_1643279397249 enable-bg-rollover dt-icon-bg-off\" ><div class=\"shortcode-single-image\"><div class=\"fancy-media-wrap  layzr-bg\" style=\"\"><img decoding=\"async\" class=\"preload-me lazy-load aspect\" src=\"data:image\/svg+xml,%3Csvg%20xmlns%3D&#39;http%3A%2F%2Fwww.w3.org%2F2000%2Fsvg&#39;%20viewBox%3D&#39;0%200%201200%20620&#39;%2F%3E\" data-src=\"https:\/\/lifemysoil.eu\/wp-content\/uploads\/2022\/01\/borgo.jpg\" data-srcset=\"https:\/\/lifemysoil.eu\/wp-content\/uploads\/2022\/01\/borgo.jpg 1200w\" loading=\"eager\" sizes=\"(max-width: 1200px) 100vw, 1200px\" width=\"1200\" height=\"620\"  data-dt-location=\"https:\/\/lifemysoil.eu\/es\/home\/borgo\/\" style=\"--ratio: 1200 \/ 620;\" alt=\"\" \/><\/div><\/div><\/div><div id=\"ultimate-heading-30296a03208aacac4\" class=\"uvc-heading ult-adjust-bottom-margin ultimate-heading-30296a03208aacac4 uvc-4725 accent-border-color\" data-hspacer=\"no_spacer\"  data-halign=\"left\" style=\"text-align:left\"><div class=\"uvc-heading-spacer no_spacer\" style=\"top\"><\/div><div class=\"uvc-main-heading ult-responsive\"  data-ultimate-target='.uvc-heading.ultimate-heading-30296a03208aacac4 h2'  data-responsive-json-new='{\"font-size\":\"desktop:26px;\",\"line-height\":\"desktop:32px;\"}' ><h2 style=\"font-weight:bold;margin-bottom:20px;\">Una estaci\u00f3n de servicio en Borgo Faiti<\/h2><\/div><\/div>[vc_column_text css=\u00bb.vc_custom_1644498373816{padding-bottom: 20px !important;}\u00bb]El suelo contaminado del emplazamiento italiano proceder\u00e1 de una estaci\u00f3n de servicio de Borgo Faiti (regi\u00f3n del Lacio).[\/vc_column_text]<style type=\"text\/css\" data-type=\"the7_shortcodes-inline-css\">#default-btn-51604b5aa8bb4d35a214f63420aec0a9.ico-right-side > i {\n  margin-right: 0px;\n  margin-left: 8px;\n}\n#default-btn-51604b5aa8bb4d35a214f63420aec0a9 > i {\n  margin-right: 8px;\n}<\/style><a href=\"https:\/\/lifemysoil.eu\/demostration-sites\/\" class=\"default-btn-shortcode dt-btn dt-btn-s link-hover-off btn-inline-left \" id=\"default-btn-51604b5aa8bb4d35a214f63420aec0a9\"><span>LEER M\u00c1S<\/span><\/a>[\/vc_column][\/vc_row]<\/p>\n<\/div>","protected":false},"excerpt":{"rendered":"<p>[vc_row css=\u00bb.vc_custom_1643274585375{padding-top: 70px !important;background-color: #ffffff !important;}\u00bb][vc_column][\/vc_column][\/vc_row][vc_row full_width=\u00bbstretch_row\u00bb type=\u00bbvc_default\u00bb margin_top=\u00bb-6&#8243; margin_bottom=\u00bb24&#8243; css=\u00bb.vc_custom_1495112538029{padding-top: 50px !important;padding-bottom: 0px !important;}\u00bb][vc_column width=\u00bb1\/2&#8243; offset=\u00bbvc_col-lg-3 vc_col-md-3&#8243; css=\u00bb.vc_custom_1495112557524{padding-bottom: 50px !important;}\u00bb][\/vc_column][vc_column width=\u00bb1\/2&#8243; offset=\u00bbvc_col-lg-3 vc_col-md-3&#8243; css=\u00bb.vc_custom_1495112563645{padding-bottom: 50px !important;}\u00bb][\/vc_column][vc_column width=\u00bb1\/2&#8243; offset=\u00bbvc_col-lg-3 vc_col-md-3&#8243; css=\u00bb.vc_custom_1495112570142{padding-bottom: 50px !important;}\u00bb][\/vc_column][vc_column width=\u00bb1\/2&#8243; offset=\u00bbvc_col-lg-3 vc_col-md-3&#8243; css=\u00bb.vc_custom_1495112577073{padding-bottom: 50px !important;}\u00bb][\/vc_column][\/vc_row][vc_row full_width=\u00bbstretch_row\u00bb bg_type=\u00bbbg_color\u00bb bg_override=\u00bbex-full\u00bb type=\u00bbvc_default\u00bb bg_color_value=\u00bb#f5f5f5&#8243; css=\u00bb.vc_custom_1496417868939{padding-top: 70px !important;padding-bottom: 20px !important;}\u00bb][vc_column css=\u00bb.vc_custom_1490364209546{padding-bottom: 80px !important;}\u00bb][\/vc_column][vc_column offset=\u00bbvc_col-lg-4 vc_col-md-12&#8243; css=\u00bb.vc_custom_1643279845138{padding-bottom:&hellip;<\/p>\n","protected":false},"author":1,"featured_media":0,"parent":0,"menu_order":0,"comment_status":"closed","ping_status":"closed","template":"","meta":{"footnotes":""},"class_list":["post-2420","page","type-page","status-publish","hentry","description-off"],"_links":{"self":[{"href":"https:\/\/lifemysoil.eu\/es\/wp-json\/wp\/v2\/pages\/2420","targetHints":{"allow":["GET"]}}],"collection":[{"href":"https:\/\/lifemysoil.eu\/es\/wp-json\/wp\/v2\/pages"}],"about":[{"href":"https:\/\/lifemysoil.eu\/es\/wp-json\/wp\/v2\/types\/page"}],"author":[{"embeddable":true,"href":"https:\/\/lifemysoil.eu\/es\/wp-json\/wp\/v2\/users\/1"}],"replies":[{"embeddable":true,"href":"https:\/\/lifemysoil.eu\/es\/wp-json\/wp\/v2\/comments?post=2420"}],"version-history":[{"count":3,"href":"https:\/\/lifemysoil.eu\/es\/wp-json\/wp\/v2\/pages\/2420\/revisions"}],"predecessor-version":[{"id":2864,"href":"https:\/\/lifemysoil.eu\/es\/wp-json\/wp\/v2\/pages\/2420\/revisions\/2864"}],"wp:attachment":[{"href":"https:\/\/lifemysoil.eu\/es\/wp-json\/wp\/v2\/media?parent=2420"}],"curies":[{"name":"wp","href":"https:\/\/api.w.org\/{rel}","templated":true}]}}