{"id":2414,"date":"2016-01-29T09:51:22","date_gmt":"2016-01-29T09:51:22","guid":{"rendered":"https:\/\/lifemysoil.eu\/home\/"},"modified":"2022-03-23T10:13:08","modified_gmt":"2022-03-23T10:13:08","slug":"home","status":"publish","type":"page","link":"https:\/\/lifemysoil.eu\/de\/","title":{"rendered":"Hauptseite"},"content":{"rendered":"<div class=\"wpb-content-wrapper\"><p>[vc_row css=&#8220;.vc_custom_1643274585375{padding-top: 70px !important;background-color: #ffffff !important;}&#8220;][vc_column]<div id=\"ultimate-heading-336269f5be1e16bb7\" class=\"uvc-heading ult-adjust-bottom-margin ultimate-heading-336269f5be1e16bb7 uvc-683 accent-border-color\" data-hspacer=\"line_only\"  data-halign=\"center\" style=\"text-align:center\"><div class=\"uvc-main-heading ult-responsive\"  data-ultimate-target='.uvc-heading.ultimate-heading-336269f5be1e16bb7 h2'  data-responsive-json-new='{\"font-size\":\"desktop:40px;\",\"line-height\":\"desktop:46px;\"}' ><h2 style=\"font-weight:bold;margin-bottom:15px;\">Umweltziele<\/h2><\/div><div class=\"uvc-heading-spacer line_only\" style=\"topheight:5px;\"><span class=\"uvc-headings-line\" style=\"border-style:solid;border-bottom-width:5px;border-color:;width:200px;\"><\/span><\/div><\/div>[\/vc_column][\/vc_row][vc_row full_width=&#8220;stretch_row&#8220; type=&#8220;vc_default&#8220; margin_top=&#8220;-6&#8243; margin_bottom=&#8220;24&#8243; css=&#8220;.vc_custom_1495112538029{padding-top: 50px !important;padding-bottom: 0px !important;}&#8220;][vc_column width=&#8220;1\/2&#8243; offset=&#8220;vc_col-lg-3 vc_col-md-3&#8243; css=&#8220;.vc_custom_1495112557524{padding-bottom: 50px !important;}&#8220;]<div class=\"aio-icon-component  vc_custom_1644922168783  accent-icon-bg style_1\"><div id=\"Info-box-wrap-1637\" class=\"aio-icon-box top-icon\" style=\"\"  ><div class=\"aio-icon-top\"><div class=\"ult-just-icon-wrapper  \"><div class=\"align-icon\" style=\"text-align:center;\">\n<div class=\"aio-icon circle \"  style=\"color:#ffffff;font-size:32px;display:inline-block;\">\n\t<i class=\"fas fa-industry\"><\/i>\n<\/div><\/div><\/div><\/div><div class=\"aio-icon-header\" ><h3 class=\"aio-icon-title ult-responsive\"  data-ultimate-target='#Info-box-wrap-1637 .aio-icon-title'  data-responsive-json-new='{\"font-size\":\"desktop:20px;\",\"line-height\":\"desktop:30px;\"}'  style=\"\">ALLE ERD\u00d6LVERSCHMUTZUNG AUS KONTAMINIERTEN B\u00d6DEN ENTFERNEN<\/h3><\/div> <!-- header --><div class=\"aio-icon-description ult-responsive\"  data-ultimate-target='#Info-box-wrap-1637 .aio-icon-description'  data-responsive-json-new='{\"font-size\":\"\",\"line-height\":\"\"}'  style=\"\">Entfernung aller aus Erd\u00f6l stammenden organischen Schadstoffe aus gealterten, kontaminierten Industrieb\u00f6den bis zu den erforderlichen Sanierungszielen f\u00fcr die Wiederverwendung des Bodens.<\/div> <!-- description --><\/div> <!-- aio-icon-box --><\/div> <!-- aio-icon-component -->[\/vc_column][vc_column width=&#8220;1\/2&#8243; offset=&#8220;vc_col-lg-3 vc_col-md-3&#8243; css=&#8220;.vc_custom_1495112563645{padding-bottom: 50px !important;}&#8220;]<div class=\"aio-icon-component  vc_custom_1644922228093  accent-icon-bg style_1\"><div id=\"Info-box-wrap-7962\" class=\"aio-icon-box top-icon\" style=\"\"  ><div class=\"aio-icon-top\"><div class=\"ult-just-icon-wrapper  \"><div class=\"align-icon\" style=\"text-align:center;\">\n<div class=\"aio-icon circle \"  style=\"color:#ffffff;font-size:32px;display:inline-block;\">\n\t<i class=\"fab fa-envira\"><\/i>\n<\/div><\/div><\/div><\/div><div class=\"aio-icon-header\" ><h3 class=\"aio-icon-title ult-responsive\"  data-ultimate-target='#Info-box-wrap-7962 .aio-icon-title'  data-responsive-json-new='{\"font-size\":\"desktop:20px;\",\"line-height\":\"desktop:30px;\"}'  style=\"\">MYKOREMEDIATION ALS SCHL\u00dcSSEL<\/h3><\/div> <!-- header --><div class=\"aio-icon-description ult-responsive\"  data-ultimate-target='#Info-box-wrap-7962 .aio-icon-description'  data-responsive-json-new='{\"font-size\":\"\",\"line-height\":\"\"}'  style=\"\">F\u00f6rderung und Demonstration der Mykoremediation als Schl\u00fcsseltechnologie der Bioremediation.<\/div> <!-- description --><\/div> <!-- aio-icon-box --><\/div> <!-- aio-icon-component -->[\/vc_column][vc_column width=&#8220;1\/2&#8243; offset=&#8220;vc_col-lg-3 vc_col-md-3&#8243; css=&#8220;.vc_custom_1495112570142{padding-bottom: 50px !important;}&#8220;]<div class=\"aio-icon-component  vc_custom_1644922253600  accent-icon-bg style_1\"><div id=\"Info-box-wrap-1983\" class=\"aio-icon-box top-icon\" style=\"\"  ><div class=\"aio-icon-top\"><div class=\"ult-just-icon-wrapper  \"><div class=\"align-icon\" style=\"text-align:center;\">\n<div class=\"aio-icon circle \"  style=\"color:#ffffff;font-size:32px;display:inline-block;\">\n\t<i class=\"icomoon-icomoonfree-16x16-lab\"><\/i>\n<\/div><\/div><\/div><\/div><div class=\"aio-icon-header\" ><h3 class=\"aio-icon-title ult-responsive\"  data-ultimate-target='#Info-box-wrap-1983 .aio-icon-title'  data-responsive-json-new='{\"font-size\":\"desktop:20px;\",\"line-height\":\"desktop:30px;\"}'  style=\"\">UMWELTAUSWIRKUNGEN REDUZIEREN<\/h3><\/div> <!-- header --><div class=\"aio-icon-description ult-responsive\"  data-ultimate-target='#Info-box-wrap-1983 .aio-icon-description'  data-responsive-json-new='{\"font-size\":\"\",\"line-height\":\"\"}'  style=\"\">Verringerung der Umweltauswirkungen von Mykoremediationsverfahren im Vergleich zu konventionellen Technologien.<\/div> <!-- description --><\/div> <!-- aio-icon-box --><\/div> <!-- aio-icon-component -->[\/vc_column][vc_column width=&#8220;1\/2&#8243; offset=&#8220;vc_col-lg-3 vc_col-md-3&#8243; css=&#8220;.vc_custom_1495112577073{padding-bottom: 50px !important;}&#8220;]<div class=\"aio-icon-component  vc_custom_1644922308630  accent-icon-bg style_1\"><div id=\"Info-box-wrap-7876\" class=\"aio-icon-box top-icon\" style=\"\"  ><div class=\"aio-icon-top\"><div class=\"ult-just-icon-wrapper  \"><div class=\"align-icon\" style=\"text-align:center;\">\n<div class=\"aio-icon circle \"  style=\"color:#ffffff;font-size:32px;display:inline-block;\">\n\t<i class=\"fas fa-recycle\"><\/i>\n<\/div><\/div><\/div><\/div><div class=\"aio-icon-header\" ><h3 class=\"aio-icon-title ult-responsive\"  data-ultimate-target='#Info-box-wrap-7876 .aio-icon-title'  data-responsive-json-new='{\"font-size\":\"desktop:20px;\",\"line-height\":\"desktop:30px;\"}'  style=\"\">KREISLAUFWIRTSCHAFT<\/h3><\/div> <!-- header --><div class=\"aio-icon-description ult-responsive\"  data-ultimate-target='#Info-box-wrap-7876 .aio-icon-description'  data-responsive-json-new='{\"font-size\":\"\",\"line-height\":\"\"}'  style=\"\">F\u00f6rderung des Prinzips der Kreislaufwirtschaft durch die R\u00fcckgewinnung von B\u00f6den (anstelle der Deponierung) und die Verwendung agroindustrieller Nebenprodukte und st\u00e4dtischer Gr\u00fcnabf\u00e4lle.<\/div> <!-- description --><\/div> <!-- aio-icon-box --><\/div> <!-- aio-icon-component -->[\/vc_column][\/vc_row][vc_row full_width=&#8220;stretch_row&#8220; bg_type=&#8220;bg_color&#8220; bg_override=&#8220;ex-full&#8220; type=&#8220;vc_default&#8220; bg_color_value=&#8220;#f5f5f5&#8243; css=&#8220;.vc_custom_1496417868939{padding-top: 70px !important;padding-bottom: 20px !important;}&#8220;][vc_column css=&#8220;.vc_custom_1490364209546{padding-bottom: 80px !important;}&#8220;]<div id=\"ultimate-heading-407269f5be1e1723f\" class=\"uvc-heading ult-adjust-bottom-margin ultimate-heading-407269f5be1e1723f uvc-2777 accent-border-color\" data-hspacer=\"line_only\"  data-halign=\"center\" style=\"text-align:center\"><div class=\"uvc-main-heading ult-responsive\"  data-ultimate-target='.uvc-heading.ultimate-heading-407269f5be1e1723f h2'  data-responsive-json-new='{\"font-size\":\"desktop:40px;\",\"line-height\":\"desktop:46px;\"}' ><h2 style=\"font-weight:bold;margin-bottom:15px;\">3 demonstrationsstandorte<\/h2><\/div><div class=\"uvc-heading-spacer line_only\" style=\"topheight:5px;\"><span class=\"uvc-headings-line\" style=\"border-style:solid;border-bottom-width:5px;border-color:;width:200px;\"><\/span><\/div><\/div>[\/vc_column][vc_column offset=&#8220;vc_col-lg-4 vc_col-md-12&#8243; css=&#8220;.vc_custom_1643279845138{padding-bottom: 50px !important;}&#8220;]<style type=\"text\/css\" data-type=\"the7_shortcodes-inline-css\">.shortcode-single-image-wrap.shortcode-single-image-b36b184f2f0d6ec5a06b3abd95634c25.enable-bg-rollover .rollover i,\n.shortcode-single-image-wrap.shortcode-single-image-b36b184f2f0d6ec5a06b3abd95634c25.enable-bg-rollover .rollover-video i {\n  background: -webkit-linear-gradient();\n  background: linear-gradient();\n}\n.shortcode-single-image-wrap.shortcode-single-image-b36b184f2f0d6ec5a06b3abd95634c25 .rollover-icon {\n  font-size: 32px;\n  color: #ffffff;\n  min-width: 44px;\n  min-height: 44px;\n  line-height: 44px;\n  border-radius: 100px;\n  border-style: solid;\n  border-width: 0px;\n}\n.dt-icon-bg-on.shortcode-single-image-wrap.shortcode-single-image-b36b184f2f0d6ec5a06b3abd95634c25 .rollover-icon {\n  background: rgba(255,255,255,0.3);\n  box-shadow: none;\n}<\/style><div class=\"shortcode-single-image-wrap shortcode-single-image-b36b184f2f0d6ec5a06b3abd95634c25 alignnone  vc_custom_1648030385004 enable-bg-rollover dt-icon-bg-off\" ><div class=\"shortcode-single-image\"><div class=\"fancy-media-wrap  layzr-bg\" style=\"\"><img fetchpriority=\"high\" decoding=\"async\" class=\"preload-me lazy-load aspect\" src=\"data:image\/svg+xml,%3Csvg%20xmlns%3D&#39;http%3A%2F%2Fwww.w3.org%2F2000%2Fsvg&#39;%20viewBox%3D&#39;0%200%201200%20620&#39;%2F%3E\" data-src=\"https:\/\/lifemysoil.eu\/wp-content\/uploads\/2022\/03\/Foto-web-CEPSA-1200x620.jpg\" data-srcset=\"https:\/\/lifemysoil.eu\/wp-content\/uploads\/2022\/03\/Foto-web-CEPSA-1200x620.jpg 1200w, https:\/\/lifemysoil.eu\/wp-content\/uploads\/2022\/03\/Foto-web-CEPSA-1329x686.jpg 1329w\" loading=\"eager\" sizes=\"(max-width: 1200px) 100vw, 1200px\" width=\"1200\" height=\"620\"  data-dt-location=\"https:\/\/lifemysoil.eu\/de\/home\/foto-web-cepsa-2\/\" style=\"--ratio: 1200 \/ 620;\" alt=\"\" \/><\/div><\/div><\/div><div id=\"ultimate-heading-171069f5be1e1a2ce\" class=\"uvc-heading ult-adjust-bottom-margin ultimate-heading-171069f5be1e1a2ce uvc-5285 accent-border-color\" data-hspacer=\"no_spacer\"  data-halign=\"left\" style=\"text-align:left\"><div class=\"uvc-heading-spacer no_spacer\" style=\"top\"><\/div><div class=\"uvc-main-heading ult-responsive\"  data-ultimate-target='.uvc-heading.ultimate-heading-171069f5be1e1a2ce h2'  data-responsive-json-new='{\"font-size\":\"desktop:26px;\",\"line-height\":\"desktop:32px;\"}' ><h2 style=\"font-weight:bold;margin-bottom:20px;\">Eine Raffinerie in Huelva<\/h2><\/div><\/div>[vc_column_text css=&#8220;.vc_custom_1644922436394{padding-bottom: 20px !important;}&#8220;]Der mit TPHs belastete Standort in Spanien befindet sich in den CEPSA-Anlagen in Palos de la Frontera (Huelva).[\/vc_column_text]<style type=\"text\/css\" data-type=\"the7_shortcodes-inline-css\">#default-btn-c783b1523f0b2af3e5ac08cdb103a697.ico-right-side > i {\n  margin-right: 0px;\n  margin-left: 8px;\n}\n#default-btn-c783b1523f0b2af3e5ac08cdb103a697 > i {\n  margin-right: 8px;\n}<\/style><a href=\"https:\/\/lifemysoil.eu\/demostration-sites\/\" class=\"default-btn-shortcode dt-btn dt-btn-s link-hover-off btn-inline-left \" target=\"_blank\" id=\"default-btn-c783b1523f0b2af3e5ac08cdb103a697\" rel=\"noopener\"><span>WEITERLESEN<\/span><\/a>[\/vc_column][vc_column offset=&#8220;vc_col-lg-4 vc_col-md-6&#8243; css=&#8220;.vc_custom_1643279854580{padding-bottom: 20px !important;background-color: #f2f2f2 !important;}&#8220;][vc_row_inner][vc_column_inner offset=&#8220;vc_col-lg-12 vc_col-md-12&#8243;]<style type=\"text\/css\" data-type=\"the7_shortcodes-inline-css\">.shortcode-single-image-wrap.shortcode-single-image-7ac108c8a26aae00b0e1e8961d2490d8.enable-bg-rollover .rollover i,\n.shortcode-single-image-wrap.shortcode-single-image-7ac108c8a26aae00b0e1e8961d2490d8.enable-bg-rollover .rollover-video i {\n  background: -webkit-linear-gradient();\n  background: linear-gradient();\n}\n.shortcode-single-image-wrap.shortcode-single-image-7ac108c8a26aae00b0e1e8961d2490d8 .rollover-icon {\n  font-size: 32px;\n  color: #ffffff;\n  min-width: 44px;\n  min-height: 44px;\n  line-height: 44px;\n  border-radius: 100px;\n  border-style: solid;\n  border-width: 0px;\n}\n.dt-icon-bg-on.shortcode-single-image-wrap.shortcode-single-image-7ac108c8a26aae00b0e1e8961d2490d8 .rollover-icon {\n  background: rgba(255,255,255,0.3);\n  box-shadow: none;\n}<\/style><div class=\"shortcode-single-image-wrap shortcode-single-image-7ac108c8a26aae00b0e1e8961d2490d8 alignnone  vc_custom_1643279329698 enable-bg-rollover dt-icon-bg-off\" ><div class=\"shortcode-single-image\"><div class=\"fancy-media-wrap  layzr-bg\" style=\"\"><img decoding=\"async\" class=\"preload-me lazy-load aspect\" src=\"data:image\/svg+xml,%3Csvg%20xmlns%3D&#39;http%3A%2F%2Fwww.w3.org%2F2000%2Fsvg&#39;%20viewBox%3D&#39;0%200%201200%20620&#39;%2F%3E\" data-src=\"https:\/\/lifemysoil.eu\/wp-content\/uploads\/2022\/01\/rouen.jpg\" data-srcset=\"https:\/\/lifemysoil.eu\/wp-content\/uploads\/2022\/01\/rouen.jpg 1200w\" loading=\"eager\" sizes=\"(max-width: 1200px) 100vw, 1200px\" width=\"1200\" height=\"620\"  data-dt-location=\"https:\/\/lifemysoil.eu\/de\/home\/rouen\/\" style=\"--ratio: 1200 \/ 620;\" alt=\"\" \/><\/div><\/div><\/div><div id=\"ultimate-heading-750669f5be1e1bcae\" class=\"uvc-heading ult-adjust-bottom-margin ultimate-heading-750669f5be1e1bcae uvc-2836 accent-border-color\" data-hspacer=\"no_spacer\"  data-halign=\"left\" style=\"text-align:left\"><div class=\"uvc-heading-spacer no_spacer\" style=\"top\"><\/div><div class=\"uvc-main-heading ult-responsive\"  data-ultimate-target='.uvc-heading.ultimate-heading-750669f5be1e1bcae h2'  data-responsive-json-new='{\"font-size\":\"desktop:26px;\",\"line-height\":\"desktop:32px;\"}' ><h2 style=\"font-weight:bold;margin-bottom:20px;\">Eine ehemalige Raffinerie in Rouen<\/h2><\/div><\/div>[vc_column_text css=&#8220;.vc_custom_1644922767615{padding-bottom: 20px !important;}&#8220;]In Frankreich geh\u00f6rt der Standort in Petit-Couronne (s\u00fcdlich von Rouen, Normandie) einem der Projektpartner (VG), wodurch die Durchf\u00fchrung der Pilotversuche erleichtert wird.[\/vc_column_text]<style type=\"text\/css\" data-type=\"the7_shortcodes-inline-css\">#default-btn-51604b5aa8bb4d35a214f63420aec0a9.ico-right-side > i {\n  margin-right: 0px;\n  margin-left: 8px;\n}\n#default-btn-51604b5aa8bb4d35a214f63420aec0a9 > i {\n  margin-right: 8px;\n}<\/style><a href=\"https:\/\/lifemysoil.eu\/demostration-sites\/\" class=\"default-btn-shortcode dt-btn dt-btn-s link-hover-off btn-inline-left \" id=\"default-btn-51604b5aa8bb4d35a214f63420aec0a9\"><span>WEITERLESEN<\/span><\/a>[\/vc_column_inner][\/vc_row_inner][\/vc_column][vc_column css=&#8220;.vc_custom_1643279788634{padding-bottom: 50px !important;background-color: #d8d8d8d !important;}&#8220; offset=&#8220;vc_col-lg-4 vc_col-md-6&#8243;]<style type=\"text\/css\" data-type=\"the7_shortcodes-inline-css\">.shortcode-single-image-wrap.shortcode-single-image-b190f4c9afb346976ef3780ef233573e.enable-bg-rollover .rollover i,\n.shortcode-single-image-wrap.shortcode-single-image-b190f4c9afb346976ef3780ef233573e.enable-bg-rollover .rollover-video i {\n  background: -webkit-linear-gradient();\n  background: linear-gradient();\n}\n.shortcode-single-image-wrap.shortcode-single-image-b190f4c9afb346976ef3780ef233573e .rollover-icon {\n  font-size: 32px;\n  color: #ffffff;\n  min-width: 44px;\n  min-height: 44px;\n  line-height: 44px;\n  border-radius: 100px;\n  border-style: solid;\n  border-width: 0px;\n}\n.dt-icon-bg-on.shortcode-single-image-wrap.shortcode-single-image-b190f4c9afb346976ef3780ef233573e .rollover-icon {\n  background: rgba(255,255,255,0.3);\n  box-shadow: none;\n}<\/style><div class=\"shortcode-single-image-wrap shortcode-single-image-b190f4c9afb346976ef3780ef233573e alignnone  vc_custom_1643279397249 enable-bg-rollover dt-icon-bg-off\" ><div class=\"shortcode-single-image\"><div class=\"fancy-media-wrap  layzr-bg\" style=\"\"><img decoding=\"async\" class=\"preload-me lazy-load aspect\" src=\"data:image\/svg+xml,%3Csvg%20xmlns%3D&#39;http%3A%2F%2Fwww.w3.org%2F2000%2Fsvg&#39;%20viewBox%3D&#39;0%200%201200%20620&#39;%2F%3E\" data-src=\"https:\/\/lifemysoil.eu\/wp-content\/uploads\/2022\/01\/borgo.jpg\" data-srcset=\"https:\/\/lifemysoil.eu\/wp-content\/uploads\/2022\/01\/borgo.jpg 1200w\" loading=\"eager\" sizes=\"(max-width: 1200px) 100vw, 1200px\" width=\"1200\" height=\"620\"  data-dt-location=\"https:\/\/lifemysoil.eu\/de\/home\/borgo\/\" style=\"--ratio: 1200 \/ 620;\" alt=\"\" \/><\/div><\/div><\/div><div id=\"ultimate-heading-587269f5be1e1d2e9\" class=\"uvc-heading ult-adjust-bottom-margin ultimate-heading-587269f5be1e1d2e9 uvc-1191 accent-border-color\" data-hspacer=\"no_spacer\"  data-halign=\"left\" style=\"text-align:left\"><div class=\"uvc-heading-spacer no_spacer\" style=\"top\"><\/div><div class=\"uvc-main-heading ult-responsive\"  data-ultimate-target='.uvc-heading.ultimate-heading-587269f5be1e1d2e9 h2'  data-responsive-json-new='{\"font-size\":\"desktop:26px;\",\"line-height\":\"desktop:32px;\"}' ><h2 style=\"font-weight:bold;margin-bottom:20px;\">Eine Tankstelle in Borgo Faiti<\/h2><\/div><\/div>[vc_column_text css=&#8220;.vc_custom_1644922552019{padding-bottom: 20px !important;}&#8220;]Der verschmutzte Boden des italienischen Standorts stammt von einer Tankstelle in Borgo Faiti (Region Latium).[\/vc_column_text]<style type=\"text\/css\" data-type=\"the7_shortcodes-inline-css\">#default-btn-51604b5aa8bb4d35a214f63420aec0a9.ico-right-side > i {\n  margin-right: 0px;\n  margin-left: 8px;\n}\n#default-btn-51604b5aa8bb4d35a214f63420aec0a9 > i {\n  margin-right: 8px;\n}<\/style><a href=\"https:\/\/lifemysoil.eu\/demostration-sites\/\" class=\"default-btn-shortcode dt-btn dt-btn-s link-hover-off btn-inline-left \" id=\"default-btn-51604b5aa8bb4d35a214f63420aec0a9\"><span>WEITERLESEN<\/span><\/a>[\/vc_column][\/vc_row]<\/p>\n<\/div>","protected":false},"excerpt":{"rendered":"<p>[vc_row css=&#8220;.vc_custom_1643274585375{padding-top: 70px !important;background-color: #ffffff !important;}&#8220;][vc_column][\/vc_column][\/vc_row][vc_row full_width=&#8220;stretch_row&#8220; type=&#8220;vc_default&#8220; margin_top=&#8220;-6&#8243; margin_bottom=&#8220;24&#8243; css=&#8220;.vc_custom_1495112538029{padding-top: 50px !important;padding-bottom: 0px !important;}&#8220;][vc_column width=&#8220;1\/2&#8243; offset=&#8220;vc_col-lg-3 vc_col-md-3&#8243; css=&#8220;.vc_custom_1495112557524{padding-bottom: 50px !important;}&#8220;][\/vc_column][vc_column width=&#8220;1\/2&#8243; offset=&#8220;vc_col-lg-3 vc_col-md-3&#8243; css=&#8220;.vc_custom_1495112563645{padding-bottom: 50px !important;}&#8220;][\/vc_column][vc_column width=&#8220;1\/2&#8243; offset=&#8220;vc_col-lg-3 vc_col-md-3&#8243; css=&#8220;.vc_custom_1495112570142{padding-bottom: 50px !important;}&#8220;][\/vc_column][vc_column width=&#8220;1\/2&#8243; offset=&#8220;vc_col-lg-3 vc_col-md-3&#8243; css=&#8220;.vc_custom_1495112577073{padding-bottom: 50px !important;}&#8220;][\/vc_column][\/vc_row][vc_row full_width=&#8220;stretch_row&#8220; bg_type=&#8220;bg_color&#8220; bg_override=&#8220;ex-full&#8220; type=&#8220;vc_default&#8220; bg_color_value=&#8220;#f5f5f5&#8243; css=&#8220;.vc_custom_1496417868939{padding-top: 70px !important;padding-bottom: 20px !important;}&#8220;][vc_column css=&#8220;.vc_custom_1490364209546{padding-bottom: 80px !important;}&#8220;][\/vc_column][vc_column offset=&#8220;vc_col-lg-4 vc_col-md-12&#8243; css=&#8220;.vc_custom_1643279845138{padding-bottom:&hellip;<\/p>\n","protected":false},"author":1,"featured_media":0,"parent":0,"menu_order":0,"comment_status":"closed","ping_status":"closed","template":"","meta":{"footnotes":""},"class_list":["post-2414","page","type-page","status-publish","hentry","description-off"],"_links":{"self":[{"href":"https:\/\/lifemysoil.eu\/de\/wp-json\/wp\/v2\/pages\/2414","targetHints":{"allow":["GET"]}}],"collection":[{"href":"https:\/\/lifemysoil.eu\/de\/wp-json\/wp\/v2\/pages"}],"about":[{"href":"https:\/\/lifemysoil.eu\/de\/wp-json\/wp\/v2\/types\/page"}],"author":[{"embeddable":true,"href":"https:\/\/lifemysoil.eu\/de\/wp-json\/wp\/v2\/users\/1"}],"replies":[{"embeddable":true,"href":"https:\/\/lifemysoil.eu\/de\/wp-json\/wp\/v2\/comments?post=2414"}],"version-history":[{"count":3,"href":"https:\/\/lifemysoil.eu\/de\/wp-json\/wp\/v2\/pages\/2414\/revisions"}],"predecessor-version":[{"id":2866,"href":"https:\/\/lifemysoil.eu\/de\/wp-json\/wp\/v2\/pages\/2414\/revisions\/2866"}],"wp:attachment":[{"href":"https:\/\/lifemysoil.eu\/de\/wp-json\/wp\/v2\/media?parent=2414"}],"curies":[{"name":"wp","href":"https:\/\/api.w.org\/{rel}","templated":true}]}}